{"id":6769,"date":"2026-01-12T15:36:08","date_gmt":"2026-01-12T14:36:08","guid":{"rendered":"https:\/\/provenquiere.com\/label-qr\/spritz-0\/"},"modified":"2026-01-12T16:09:16","modified_gmt":"2026-01-12T15:09:16","slug":"spritz-0","status":"publish","type":"page","link":"https:\/\/provenquiere.com\/en\/label-qr\/spritz-0\/","title":{"rendered":"Spritz 0%"},"content":{"rendered":"<p>[et_pb_section fb_built=&#8221;1&#8243; _builder_version=&#8221;4.27.4&#8243; _module_preset=&#8221;default&#8221; module_alignment=&#8221;center&#8221; custom_margin=&#8221;|0px||0px|false|false&#8221; custom_padding=&#8221;0px|0px|0px|0px|false|false&#8221; global_colors_info=&#8221;{}&#8221;][et_pb_row _builder_version=&#8221;4.27.4&#8243; _module_preset=&#8221;default&#8221; custom_padding=&#8221;4px|||||&#8221; global_colors_info=&#8221;{}&#8221;][et_pb_column type=&#8221;4_4&#8243; _builder_version=&#8221;4.27.4&#8243; _module_preset=&#8221;default&#8221; global_colors_info=&#8221;{}&#8221;][et_pb_toggle title=&#8221;Ingredients**&#8221; open=&#8221;on&#8221; admin_label=&#8221;Ingredients&#8221; _builder_version=&#8221;4.27.5&#8243; _module_preset=&#8221;default&#8221; hover_enabled=&#8221;0&#8243; global_colors_info=&#8221;{}&#8221; sticky_enabled=&#8221;0&#8243;]<\/p>\n<p>Infusion of yeast, grape seed, french oak (water, yeast, grape seed, oak), Grape juice, Acidifiers (Lactic Acid, Citric Acid, Acid Carminic) Preservatives (<strong>E220**,E242**<\/strong>), Natural Flavors, Carbon dioxide<\/p>\n<p>[\/et_pb_toggle][et_pb_toggle title=&#8221;Nutritional table &#8221; open=&#8221;on&#8221; admin_label=&#8221;Tableau nutri&#8221; _builder_version=&#8221;4.27.4&#8243; _module_preset=&#8221;default&#8221; custom_padding=&#8221;|5px||5px|false|true&#8221; global_colors_info=&#8221;{}&#8221;]<\/p>\n<p>&nbsp;<\/p>\n<table style=\"width: 300px; margin: auto;\">\n<thead>\n<tr>\n<th>Nutritional values<\/th>\n<th>for 100 ml<\/th>\n<\/tr>\n<\/thead>\n<tbody>\n<tr>\n<td style=\"width: 200px;\">Energy<\/td>\n<td style=\"width: 60px;\">134kj \/ 31kcal<\/td>\n<\/tr>\n<tr>\n<td>Fat<br \/>\n\u2015 of which saturated fatty acids<\/td>\n<p><\/p>\n<td>0,00 g<br \/>0,00 g<\/td>\n<\/tr>\n<tr>\n<td>Carbohydrates*<br \/>\n\u2015 of which sugars<\/td>\n<p><\/p>\n<td>7.00 g<br \/>7,00 g<\/td>\n<\/tr>\n<tr>\n<td>Protein <\/td>\n<td>0,00 g<\/td>\n<\/tr>\n<tr>\n<td>Salt <\/td>\n<td>0,00 g<\/td>\n<\/tr>\n<\/tbody>\n<\/table>\n<p style=\"text-align: center;\">**contains naturally occuring sugars from grapes.<\/p>\n<p>[\/et_pb_toggle][et_pb_text _builder_version=&#8221;4.27.4&#8243; _module_preset=&#8221;default&#8221; global_colors_info=&#8221;{}&#8221;]<\/p>\n<p style=\"text-align: center;\"><strong>** Allergens are listed in bold on the manufacturers&#8217; declarations.<\/strong><\/p>\n<p style=\"text-align: center;\"><em>Alcohol abuse is dangerous for your health, consume in moderation.<\/em><\/p>\n<p>[\/et_pb_text][\/et_pb_column][\/et_pb_row][\/et_pb_section]<\/p>\n","protected":false},"excerpt":{"rendered":"<p>Infusion of yeast, grape seed, french oak (water, yeast, grape seed, oak), Grape juice, Acidifiers (Lactic Acid, Citric Acid, Acid Carminic) Preservatives (E220**,E242**), Natural Flavors, Carbon dioxide&nbsp; Nutritional values for 100 ml Energy 134kj \/ 31kcal Fat \u2015 of which saturated fatty acids0,00 g0,00 g Carbohydrates* \u2015 of which sugars7.00 g7,00 g Protein 0,00 g [&hellip;]<\/p>\n","protected":false},"author":1,"featured_media":0,"parent":5716,"menu_order":0,"comment_status":"closed","ping_status":"closed","template":"","meta":{"_et_pb_use_builder":"on","_et_pb_old_content":"","_et_gb_content_width":"","footnotes":""},"class_list":["post-6769","page","type-page","status-publish","hentry"],"yoast_head":"<!-- This site is optimized with the Yoast SEO plugin v27.4 - https:\/\/yoast.com\/product\/yoast-seo-wordpress\/ -->\n<title>Ingredients and nutritional information: Spritz 0%<\/title>\n<meta name=\"description\" content=\"Wine QR for the nutritional values and ingredients of the recipe for our alcohol-free wine.\" \/>\n<meta name=\"robots\" content=\"index, follow, max-snippet:-1, max-image-preview:large, max-video-preview:-1\" \/>\n<link rel=\"canonical\" href=\"https:\/\/provenquiere.com\/en\/label-qr\/spritz-0\/\" \/>\n<meta property=\"og:locale\" content=\"en_US\" \/>\n<meta property=\"og:type\" content=\"article\" \/>\n<meta property=\"og:title\" content=\"Ingredients and nutritional information: Spritz 0%\" \/>\n<meta property=\"og:description\" content=\"Wine QR for the nutritional values and ingredients of the recipe for our alcohol-free wine.\" \/>\n<meta property=\"og:url\" content=\"https:\/\/provenquiere.com\/en\/label-qr\/spritz-0\/\" \/>\n<meta property=\"og:site_name\" content=\"Domaine La Provenqui\u00e8re, Domaine viticole du Languedoc\" \/>\n<meta property=\"article:publisher\" content=\"https:\/\/www.facebook.com\/domainelaprovenquiere\" \/>\n<meta property=\"article:modified_time\" content=\"2026-01-12T15:09:16+00:00\" \/>\n<meta name=\"twitter:card\" content=\"summary_large_image\" \/>\n<meta name=\"twitter:site\" content=\"@laprovenquiere\" \/>\n<meta name=\"twitter:label1\" content=\"Est. reading time\" \/>\n\t<meta name=\"twitter:data1\" content=\"1 minute\" \/>\n<script type=\"application\/ld+json\" class=\"yoast-schema-graph\">{\"@context\":\"https:\\\/\\\/schema.org\",\"@graph\":[{\"@type\":\"WebPage\",\"@id\":\"https:\\\/\\\/provenquiere.com\\\/en\\\/label-qr\\\/spritz-0\\\/\",\"url\":\"https:\\\/\\\/provenquiere.com\\\/en\\\/label-qr\\\/spritz-0\\\/\",\"name\":\"Ingredients and nutritional information: Spritz 0%\",\"isPartOf\":{\"@id\":\"https:\\\/\\\/provenquiere.com\\\/en\\\/#website\"},\"datePublished\":\"2026-01-12T14:36:08+00:00\",\"dateModified\":\"2026-01-12T15:09:16+00:00\",\"description\":\"Wine QR for the nutritional values and ingredients of the recipe for our alcohol-free wine.\",\"breadcrumb\":{\"@id\":\"https:\\\/\\\/provenquiere.com\\\/en\\\/label-qr\\\/spritz-0\\\/#breadcrumb\"},\"inLanguage\":\"en-US\",\"potentialAction\":[{\"@type\":\"ReadAction\",\"target\":[\"https:\\\/\\\/provenquiere.com\\\/en\\\/label-qr\\\/spritz-0\\\/\"]}]},{\"@type\":\"BreadcrumbList\",\"@id\":\"https:\\\/\\\/provenquiere.com\\\/en\\\/label-qr\\\/spritz-0\\\/#breadcrumb\",\"itemListElement\":[{\"@type\":\"ListItem\",\"position\":1,\"name\":\"Accueil\",\"item\":\"https:\\\/\\\/provenquiere.com\\\/en\\\/\"},{\"@type\":\"ListItem\",\"position\":2,\"name\":\"Label QR\",\"item\":\"https:\\\/\\\/provenquiere.com\\\/en\\\/label-qr\\\/\"},{\"@type\":\"ListItem\",\"position\":3,\"name\":\"Spritz 0%\"}]},{\"@type\":\"WebSite\",\"@id\":\"https:\\\/\\\/provenquiere.com\\\/en\\\/#website\",\"url\":\"https:\\\/\\\/provenquiere.com\\\/en\\\/\",\"name\":\"Domaine La Provenqui\u00e8re, Domaine viticole du Languedoc\",\"description\":\"Le domaine de la Provenqui\u00e8re, situ\u00e9 \u00e0 Capestang pr\u00e8s de B\u00e9ziers, en Languedoc, domine la r\u00e9gion de sa tour aux tuiles vertes.\",\"publisher\":{\"@id\":\"https:\\\/\\\/provenquiere.com\\\/en\\\/#organization\"},\"potentialAction\":[{\"@type\":\"SearchAction\",\"target\":{\"@type\":\"EntryPoint\",\"urlTemplate\":\"https:\\\/\\\/provenquiere.com\\\/en\\\/?s={search_term_string}\"},\"query-input\":{\"@type\":\"PropertyValueSpecification\",\"valueRequired\":true,\"valueName\":\"search_term_string\"}}],\"inLanguage\":\"en-US\"},{\"@type\":\"Organization\",\"@id\":\"https:\\\/\\\/provenquiere.com\\\/en\\\/#organization\",\"name\":\"Domaine La Provenqui\u00e8re\",\"url\":\"https:\\\/\\\/provenquiere.com\\\/en\\\/\",\"logo\":{\"@type\":\"ImageObject\",\"inLanguage\":\"en-US\",\"@id\":\"https:\\\/\\\/provenquiere.com\\\/en\\\/#\\\/schema\\\/logo\\\/image\\\/\",\"url\":\"https:\\\/\\\/provenquiere.com\\\/wp-content\\\/uploads\\\/2022\\\/05\\\/domaine-la-provenquiere-reception.jpg\",\"contentUrl\":\"https:\\\/\\\/provenquiere.com\\\/wp-content\\\/uploads\\\/2022\\\/05\\\/domaine-la-provenquiere-reception.jpg\",\"width\":1500,\"height\":1004,\"caption\":\"Domaine La Provenqui\u00e8re\"},\"image\":{\"@id\":\"https:\\\/\\\/provenquiere.com\\\/en\\\/#\\\/schema\\\/logo\\\/image\\\/\"},\"sameAs\":[\"https:\\\/\\\/www.facebook.com\\\/domainelaprovenquiere\",\"https:\\\/\\\/x.com\\\/laprovenquiere\",\"https:\\\/\\\/www.instagram.com\\\/la_provenquiere\\\/\"]}]}<\/script>\n<!-- \/ Yoast SEO plugin. -->","yoast_head_json":{"title":"Ingredients and nutritional information: Spritz 0%","description":"Wine QR for the nutritional values and ingredients of the recipe for our alcohol-free wine.","robots":{"index":"index","follow":"follow","max-snippet":"max-snippet:-1","max-image-preview":"max-image-preview:large","max-video-preview":"max-video-preview:-1"},"canonical":"https:\/\/provenquiere.com\/en\/label-qr\/spritz-0\/","og_locale":"en_US","og_type":"article","og_title":"Ingredients and nutritional information: Spritz 0%","og_description":"Wine QR for the nutritional values and ingredients of the recipe for our alcohol-free wine.","og_url":"https:\/\/provenquiere.com\/en\/label-qr\/spritz-0\/","og_site_name":"Domaine La Provenqui\u00e8re, Domaine viticole du Languedoc","article_publisher":"https:\/\/www.facebook.com\/domainelaprovenquiere","article_modified_time":"2026-01-12T15:09:16+00:00","twitter_card":"summary_large_image","twitter_site":"@laprovenquiere","twitter_misc":{"Est. reading time":"1 minute"},"schema":{"@context":"https:\/\/schema.org","@graph":[{"@type":"WebPage","@id":"https:\/\/provenquiere.com\/en\/label-qr\/spritz-0\/","url":"https:\/\/provenquiere.com\/en\/label-qr\/spritz-0\/","name":"Ingredients and nutritional information: Spritz 0%","isPartOf":{"@id":"https:\/\/provenquiere.com\/en\/#website"},"datePublished":"2026-01-12T14:36:08+00:00","dateModified":"2026-01-12T15:09:16+00:00","description":"Wine QR for the nutritional values and ingredients of the recipe for our alcohol-free wine.","breadcrumb":{"@id":"https:\/\/provenquiere.com\/en\/label-qr\/spritz-0\/#breadcrumb"},"inLanguage":"en-US","potentialAction":[{"@type":"ReadAction","target":["https:\/\/provenquiere.com\/en\/label-qr\/spritz-0\/"]}]},{"@type":"BreadcrumbList","@id":"https:\/\/provenquiere.com\/en\/label-qr\/spritz-0\/#breadcrumb","itemListElement":[{"@type":"ListItem","position":1,"name":"Accueil","item":"https:\/\/provenquiere.com\/en\/"},{"@type":"ListItem","position":2,"name":"Label QR","item":"https:\/\/provenquiere.com\/en\/label-qr\/"},{"@type":"ListItem","position":3,"name":"Spritz 0%"}]},{"@type":"WebSite","@id":"https:\/\/provenquiere.com\/en\/#website","url":"https:\/\/provenquiere.com\/en\/","name":"Domaine La Provenqui\u00e8re, Domaine viticole du Languedoc","description":"Le domaine de la Provenqui\u00e8re, situ\u00e9 \u00e0 Capestang pr\u00e8s de B\u00e9ziers, en Languedoc, domine la r\u00e9gion de sa tour aux tuiles vertes.","publisher":{"@id":"https:\/\/provenquiere.com\/en\/#organization"},"potentialAction":[{"@type":"SearchAction","target":{"@type":"EntryPoint","urlTemplate":"https:\/\/provenquiere.com\/en\/?s={search_term_string}"},"query-input":{"@type":"PropertyValueSpecification","valueRequired":true,"valueName":"search_term_string"}}],"inLanguage":"en-US"},{"@type":"Organization","@id":"https:\/\/provenquiere.com\/en\/#organization","name":"Domaine La Provenqui\u00e8re","url":"https:\/\/provenquiere.com\/en\/","logo":{"@type":"ImageObject","inLanguage":"en-US","@id":"https:\/\/provenquiere.com\/en\/#\/schema\/logo\/image\/","url":"https:\/\/provenquiere.com\/wp-content\/uploads\/2022\/05\/domaine-la-provenquiere-reception.jpg","contentUrl":"https:\/\/provenquiere.com\/wp-content\/uploads\/2022\/05\/domaine-la-provenquiere-reception.jpg","width":1500,"height":1004,"caption":"Domaine La Provenqui\u00e8re"},"image":{"@id":"https:\/\/provenquiere.com\/en\/#\/schema\/logo\/image\/"},"sameAs":["https:\/\/www.facebook.com\/domainelaprovenquiere","https:\/\/x.com\/laprovenquiere","https:\/\/www.instagram.com\/la_provenquiere\/"]}]}},"_links":{"self":[{"href":"https:\/\/provenquiere.com\/en\/wp-json\/wp\/v2\/pages\/6769","targetHints":{"allow":["GET"]}}],"collection":[{"href":"https:\/\/provenquiere.com\/en\/wp-json\/wp\/v2\/pages"}],"about":[{"href":"https:\/\/provenquiere.com\/en\/wp-json\/wp\/v2\/types\/page"}],"author":[{"embeddable":true,"href":"https:\/\/provenquiere.com\/en\/wp-json\/wp\/v2\/users\/1"}],"replies":[{"embeddable":true,"href":"https:\/\/provenquiere.com\/en\/wp-json\/wp\/v2\/comments?post=6769"}],"version-history":[{"count":20,"href":"https:\/\/provenquiere.com\/en\/wp-json\/wp\/v2\/pages\/6769\/revisions"}],"predecessor-version":[{"id":6795,"href":"https:\/\/provenquiere.com\/en\/wp-json\/wp\/v2\/pages\/6769\/revisions\/6795"}],"up":[{"embeddable":true,"href":"https:\/\/provenquiere.com\/en\/wp-json\/wp\/v2\/pages\/5716"}],"wp:attachment":[{"href":"https:\/\/provenquiere.com\/en\/wp-json\/wp\/v2\/media?parent=6769"}],"curies":[{"name":"wp","href":"https:\/\/api.w.org\/{rel}","templated":true}]}}