{"id":3455,"date":"2021-11-09T10:47:34","date_gmt":"2021-11-09T09:47:34","guid":{"rendered":"https:\/\/provenquiere.com\/wine-tourism-activities\/mini-ferme-de-la-provenquiere\/"},"modified":"2025-01-30T14:17:09","modified_gmt":"2025-01-30T13:17:09","slug":"mini-ferme-de-la-provenquiere","status":"publish","type":"page","link":"https:\/\/provenquiere.com\/en\/wine-tourism-activities\/mini-ferme-de-la-provenquiere\/","title":{"rendered":"LA PROVENQUI\u00c8RE MINI-FARM"},"content":{"rendered":"<p>[et_pb_section fb_built=&#8221;1&#8243; _builder_version=&#8221;4.16&#8243; global_colors_info=&#8221;{}&#8221;][et_pb_row column_structure=&#8221;3_5,2_5&#8243; _builder_version=&#8221;4.16&#8243; background_size=&#8221;initial&#8221; background_position=&#8221;top_left&#8221; background_repeat=&#8221;repeat&#8221; global_colors_info=&#8221;{}&#8221;][et_pb_column type=&#8221;3_5&#8243; _builder_version=&#8221;4.16&#8243; custom_padding=&#8221;|||&#8221; global_colors_info=&#8221;{}&#8221; custom_padding__hover=&#8221;|||&#8221;][et_pb_text _builder_version=&#8221;4.17.4&#8243; background_size=&#8221;initial&#8221; background_position=&#8221;top_left&#8221; background_repeat=&#8221;repeat&#8221; global_colors_info=&#8221;{}&#8221;]<\/p>\n<p style=\"font-weight: 400;\">Its mini but your children will be able <strong>to share a moment in contact with the animals<\/strong> of the estate with <strong>the respect of nature and its inhabitants<\/strong> as a guiding principle.<\/p>\n<p style=\"font-weight: 400;\">Take a break to discover <strong>the Languedoc winemaking heritage<\/strong>, savour the <strong>calm of the vineyard<\/strong> and taste <strong>the best cuv\u00e9es and local products<\/strong> produced at the estate.<\/p>\n<p>[\/et_pb_text][et_pb_image src=&#8221;https:\/\/provenquiere.com\/wp-content\/uploads\/2022\/03\/mini-ferme-domaine-la-provenquiere.jpg&#8221; alt=&#8221;Canal du Midi \u00e0 V\u00e9lo et d\u00e9gustation de vin&#8221; title_text=&#8221;mini-ferme-domaine-la-provenquiere&#8221; _builder_version=&#8221;4.16&#8243; _module_preset=&#8221;default&#8221; global_colors_info=&#8221;{}&#8221;][\/et_pb_image][\/et_pb_column][et_pb_column type=&#8221;2_5&#8243; _builder_version=&#8221;4.16&#8243; custom_padding=&#8221;|||&#8221; global_colors_info=&#8221;{}&#8221; custom_padding__hover=&#8221;|||&#8221;][et_pb_cta title=&#8221;LA PROVENQUI\u00c8RE ESTATE ALSO OFFERS DIRECT SALE OF ITS WINES FROM THE PROPERTY&#8221; button_url=&#8221;https:\/\/www.google.com\/maps\/dir\/\/google+maps+la+provenquiere\/data=!4m6!4m5!1m1!4e2!1m2!1m1!1s0x12b1a73ea4c548db:0xc5a76c912a41fa2b?sa=X&#038;ved=2ahUKEwiukqGEu430AhUj7eAKHRwQBDQQ9Rd6BAhGEAU&#8221; url_new_window=&#8221;on&#8221; button_text=&#8221;Visit the Estate&#8221; _builder_version=&#8221;4.27.4&#8243; _module_preset=&#8221;default&#8221; hover_enabled=&#8221;0&#8243; global_colors_info=&#8221;{}&#8221; sticky_enabled=&#8221;0&#8243;]<\/p>\n<p id=\"u4942-25\"><strong>OPENING HOURS:\u00a0<\/strong><\/p>\n<ul>\n<li id=\"u4942-30\">Monday to Friday from 9:00 to 12:00 am and from 14:00 to 18:00 pm<\/li>\n<li>Saturday from 9:00 to 12:00 am<\/li>\n<\/ul>\n<p id=\"u4942-35\"><strong>CLOSED ON:<\/strong><\/p>\n<ul>\n<li id=\"u4942-40\">Saturday afternoon<\/li>\n<li>Sunday all day<\/li>\n<li>Bank holidays<\/li>\n<\/ul>\n<p>[\/et_pb_cta][\/et_pb_column][\/et_pb_row][\/et_pb_section][et_pb_section fb_built=&#8221;1&#8243; _builder_version=&#8221;4.16&#8243; _module_preset=&#8221;default&#8221; global_colors_info=&#8221;{}&#8221;][et_pb_row _builder_version=&#8221;4.16&#8243; _module_preset=&#8221;default&#8221; global_colors_info=&#8221;{}&#8221;][et_pb_column type=&#8221;4_4&#8243; _builder_version=&#8221;4.16&#8243; _module_preset=&#8221;default&#8221; global_colors_info=&#8221;{}&#8221;][et_pb_text _builder_version=&#8221;4.17.4&#8243; _module_preset=&#8221;default&#8221; header_2_font=&#8221;|||on|||||&#8221; header_2_font_size=&#8221;20px&#8221; module_alignment=&#8221;center&#8221; custom_margin=&#8221;||0px||false|false&#8221; custom_padding=&#8221;||0px||false|false&#8221; global_colors_info=&#8221;{}&#8221;]<\/p>\n<h2><a href=\"https:\/\/provenquiere.com\/en\/activite\/wine-tourism-activities-in-the-estate\/\">Wine tourism activities and services at the estate<\/a><\/h2>\n<p>[\/et_pb_text][et_pb_divider _builder_version=&#8221;4.16&#8243; _module_preset=&#8221;default&#8221; width=&#8221;150px&#8221; module_alignment=&#8221;left&#8221; custom_margin=&#8221;0px||0px||false|false&#8221; custom_padding=&#8221;0px||0px||false|false&#8221; global_colors_info=&#8221;{}&#8221;][\/et_pb_divider][\/et_pb_column][\/et_pb_row][et_pb_row column_structure=&#8221;1_6,1_6,1_6,1_6,1_6,1_6&#8243; use_custom_gutter=&#8221;on&#8221; gutter_width=&#8221;2&#8243; make_equal=&#8221;on&#8221; _builder_version=&#8221;4.16&#8243; _module_preset=&#8221;default&#8221; module_alignment=&#8221;center&#8221; custom_margin=&#8221;0px||||false|false&#8221; custom_padding=&#8221;0px||||false|false&#8221; global_colors_info=&#8221;{}&#8221;][et_pb_column type=&#8221;1_6&#8243; _builder_version=&#8221;4.16&#8243; _dynamic_attributes=&#8221;link_option_url&#8221; _module_preset=&#8221;default&#8221; background_image=&#8221;https:\/\/provenquiere.com\/wp-content\/uploads\/2021\/10\/0037-domaine-de-la-provenquiere.jpg&#8221; link_option_url=&#8221;@ET-DC@eyJkeW5hbWljIjp0cnVlLCJjb250ZW50IjoicG9zdF9saW5rX3VybF9wYWdlIiwic2V0dGluZ3MiOnsicG9zdF9pZCI6Ijk4MCJ9fQ==@&#8221; global_colors_info=&#8221;{}&#8221; transform_styles__hover_enabled=&#8221;on|hover&#8221; transform_scale__hover_enabled=&#8221;on|hover&#8221; transform_translate__hover_enabled=&#8221;on|desktop&#8221; transform_rotate__hover_enabled=&#8221;on|desktop&#8221; transform_skew__hover_enabled=&#8221;on|desktop&#8221; transform_origin__hover_enabled=&#8221;on|desktop&#8221; transform_scale__hover=&#8221;105%|105%&#8221;][et_pb_text _builder_version=&#8221;4.17.4&#8243; _module_preset=&#8221;default&#8221; text_font=&#8221;Montserrat||||||||&#8221; text_text_color=&#8221;#FFFFFF&#8221; text_font_size=&#8221;16px&#8221; text_orientation=&#8221;center&#8221; custom_padding=&#8221;40px||40px||true|false&#8221; text_text_shadow_style=&#8221;preset3&#8243; global_colors_info=&#8221;{}&#8221;]<\/p>\n<p style=\"font-weight: 400;\">VISIT OF THE CELLAR &amp; WINE TASTING AT THE ESTATE<\/p>\n<p>[\/et_pb_text][\/et_pb_column][et_pb_column type=&#8221;1_6&#8243; _builder_version=&#8221;4.16&#8243; _dynamic_attributes=&#8221;link_option_url&#8221; _module_preset=&#8221;default&#8221; background_image=&#8221;https:\/\/provenquiere.com\/wp-content\/uploads\/2021\/11\/canal-du-midi-a-velo.jpg&#8221; link_option_url=&#8221;@ET-DC@eyJkeW5hbWljIjp0cnVlLCJjb250ZW50IjoicG9zdF9saW5rX3VybF9wYWdlIiwic2V0dGluZ3MiOnsicG9zdF9pZCI6Ijk1MiJ9fQ==@&#8221; global_colors_info=&#8221;{}&#8221; transform_styles__hover_enabled=&#8221;on|hover&#8221; transform_scale__hover=&#8221;105%|105%&#8221; transform_scale__hover_enabled=&#8221;on|hover&#8221; transform_translate__hover_enabled=&#8221;on|desktop&#8221; transform_rotate__hover_enabled=&#8221;on|desktop&#8221; transform_skew__hover_enabled=&#8221;on|desktop&#8221; transform_origin__hover_enabled=&#8221;on|desktop&#8221;][et_pb_text _builder_version=&#8221;4.17.4&#8243; _module_preset=&#8221;default&#8221; text_font=&#8221;Montserrat||||||||&#8221; text_text_color=&#8221;#FFFFFF&#8221; text_font_size=&#8221;16px&#8221; text_orientation=&#8221;center&#8221; custom_padding=&#8221;40px||40px||true|false&#8221; text_text_shadow_style=&#8221;preset3&#8243; global_colors_info=&#8221;{}&#8221;]<\/p>\n<p style=\"font-weight: 400;\">FROM THE CANAL DU MIDI\u2026<\/p>\n<p>[\/et_pb_text][\/et_pb_column][et_pb_column type=&#8221;1_6&#8243; _builder_version=&#8221;4.16&#8243; _dynamic_attributes=&#8221;link_option_url&#8221; _module_preset=&#8221;default&#8221; background_image=&#8221;https:\/\/provenquiere.com\/wp-content\/uploads\/2021\/11\/canal-du-midi-capestang-degustation-vin.jpg&#8221; link_option_url=&#8221;@ET-DC@eyJkeW5hbWljIjp0cnVlLCJjb250ZW50IjoicG9zdF9saW5rX3VybF9wYWdlIiwic2V0dGluZ3MiOnsicG9zdF9pZCI6Ijk0MyJ9fQ==@&#8221; global_colors_info=&#8221;{}&#8221; transform_styles__hover_enabled=&#8221;on|hover&#8221; transform_scale__hover=&#8221;105%|105%&#8221; transform_scale__hover_enabled=&#8221;on|hover&#8221; transform_translate__hover_enabled=&#8221;on|desktop&#8221; transform_rotate__hover_enabled=&#8221;on|desktop&#8221; transform_skew__hover_enabled=&#8221;on|desktop&#8221; transform_origin__hover_enabled=&#8221;on|desktop&#8221;][et_pb_text _builder_version=&#8221;4.17.4&#8243; _module_preset=&#8221;default&#8221; text_font=&#8221;Montserrat||||||||&#8221; text_text_color=&#8221;#FFFFFF&#8221; text_font_size=&#8221;16px&#8221; text_orientation=&#8221;center&#8221; custom_padding=&#8221;40px||40px||true|false&#8221; text_text_shadow_style=&#8221;preset3&#8243; global_colors_info=&#8221;{}&#8221;]<\/p>\n<p style=\"font-weight: 400;\">TASTING &amp; CRUISE ON THE CANAL DU MIDI<\/p>\n<p>[\/et_pb_text][\/et_pb_column][et_pb_column type=&#8221;1_6&#8243; _builder_version=&#8221;4.16&#8243; _dynamic_attributes=&#8221;link_option_url&#8221; _module_preset=&#8221;default&#8221; background_image=&#8221;https:\/\/provenquiere.com\/wp-content\/uploads\/2022\/03\/Domaine-la-provenquiere-degustation-visite.jpg&#8221; link_option_url=&#8221;@ET-DC@eyJkeW5hbWljIjp0cnVlLCJjb250ZW50IjoicG9zdF9saW5rX3VybF9wYWdlIiwic2V0dGluZ3MiOnsicG9zdF9pZCI6IjkzOCJ9fQ==@&#8221; global_colors_info=&#8221;{}&#8221; transform_styles__hover_enabled=&#8221;on|hover&#8221; transform_scale__hover=&#8221;105%|105%&#8221; transform_scale__hover_enabled=&#8221;on|hover&#8221; transform_translate__hover_enabled=&#8221;on|desktop&#8221; transform_rotate__hover_enabled=&#8221;on|desktop&#8221; transform_skew__hover_enabled=&#8221;on|desktop&#8221; transform_origin__hover_enabled=&#8221;on|desktop&#8221;][et_pb_text _builder_version=&#8221;4.17.4&#8243; _module_preset=&#8221;default&#8221; text_font=&#8221;Montserrat||||||||&#8221; text_text_color=&#8221;#FFFFFF&#8221; text_font_size=&#8221;16px&#8221; text_orientation=&#8221;center&#8221; custom_padding=&#8221;40px||40px||true|false&#8221; text_text_shadow_style=&#8221;preset3&#8243; global_colors_info=&#8221;{}&#8221;]<\/p>\n<p style=\"font-weight: 400;\">VINEYARD WALKING &amp; TASTING IN THE HEART OF LA PROVENQUI\u00c8RE ESTATE<\/p>\n<p>[\/et_pb_text][\/et_pb_column][et_pb_column type=&#8221;1_6&#8243; _builder_version=&#8221;4.16&#8243; _dynamic_attributes=&#8221;link_option_url&#8221; _module_preset=&#8221;default&#8221; background_image=&#8221;https:\/\/provenquiere.com\/wp-content\/uploads\/2022\/03\/domaine-provenquiere-concert-culture-capestang.jpg&#8221; link_option_url=&#8221;@ET-DC@eyJkeW5hbWljIjp0cnVlLCJjb250ZW50IjoicG9zdF9saW5rX3VybF9wYWdlIiwic2V0dGluZ3MiOnsicG9zdF9pZCI6IjE5NzIifX0=@&#8221; global_colors_info=&#8221;{}&#8221; transform_styles__hover_enabled=&#8221;on|hover&#8221; transform_scale__hover=&#8221;105%|105%&#8221; transform_scale__hover_enabled=&#8221;on|hover&#8221; transform_translate__hover_enabled=&#8221;on|desktop&#8221; transform_rotate__hover_enabled=&#8221;on|desktop&#8221; transform_skew__hover_enabled=&#8221;on|desktop&#8221; transform_origin__hover_enabled=&#8221;on|desktop&#8221;][et_pb_text _builder_version=&#8221;4.17.4&#8243; _module_preset=&#8221;default&#8221; text_font=&#8221;Montserrat||||||||&#8221; text_text_color=&#8221;#FFFFFF&#8221; text_font_size=&#8221;16px&#8221; text_orientation=&#8221;center&#8221; custom_padding=&#8221;40px||40px||true|false&#8221; text_text_shadow_style=&#8221;preset3&#8243; global_colors_info=&#8221;{}&#8221;]<\/p>\n<p style=\"font-weight: 400;\">ORGANIZE YOUR ARTISTIC EVENT IN THE ESTATE<\/p>\n<p>[\/et_pb_text][\/et_pb_column][et_pb_column type=&#8221;1_6&#8243; _builder_version=&#8221;4.16&#8243; _dynamic_attributes=&#8221;link_option_url&#8221; _module_preset=&#8221;default&#8221; background_image=&#8221;https:\/\/provenquiere.com\/wp-content\/uploads\/2021\/12\/savoir-faire-vigne-provenquiere-5.jpg&#8221; link_option_url=&#8221;@ET-DC@eyJkeW5hbWljIjp0cnVlLCJjb250ZW50IjoicG9zdF9saW5rX3VybF9wYWdlIiwic2V0dGluZ3MiOnsicG9zdF9pZCI6Ijk4MiJ9fQ==@&#8221; global_colors_info=&#8221;{}&#8221; transform_styles__hover_enabled=&#8221;on|hover&#8221; transform_scale__hover=&#8221;105%|105%&#8221; transform_scale__hover_enabled=&#8221;on|hover&#8221; transform_translate__hover_enabled=&#8221;on|desktop&#8221; transform_rotate__hover_enabled=&#8221;on|desktop&#8221; transform_skew__hover_enabled=&#8221;on|desktop&#8221; transform_origin__hover_enabled=&#8221;on|desktop&#8221;][et_pb_text _builder_version=&#8221;4.17.4&#8243; _module_preset=&#8221;default&#8221; text_font=&#8221;Montserrat||||||||&#8221; text_text_color=&#8221;#FFFFFF&#8221; text_font_size=&#8221;16px&#8221; text_orientation=&#8221;center&#8221; custom_padding=&#8221;40px||40px||true|false&#8221; text_text_shadow_style=&#8221;preset3&#8243; global_colors_info=&#8221;{}&#8221;]<\/p>\n<p style=\"font-weight: 400;\">LA PROVENQUI\u00c8RE APIARY AND ITS HONEY<\/p>\n<p>[\/et_pb_text][\/et_pb_column][\/et_pb_row][\/et_pb_section]<\/p>\n","protected":false},"excerpt":{"rendered":"<p>Mini-mini mais vos enfants pourront partager un moment au contact des animaux du domaine, avec comme ligne directrice le respect de la nature et de ses habitants.<\/p>\n","protected":false},"author":2,"featured_media":2996,"parent":3185,"menu_order":0,"comment_status":"open","ping_status":"closed","template":"","meta":{"_et_pb_use_builder":"on","_et_pb_old_content":"<p>Envie de d\u00e9couvrir la richesse du vignoble du Languedoc-Roussillon\u00a0? L\u2019\u00e9quipe du domaine vous accueille tout au long de l\u2019ann\u00e9e pour partager sa passion du vin et de la vigne autour d\u2019une visite du chai et d\u2019une d\u00e9gustation, sur r\u00e9servation. La cave vous propose \u00e9galement de d\u00e9couvrir les autres produits du terroir sign\u00e9s La Provenqui\u00e8re, huile d\u2019olive et miel.<\/p><p>Vous souhaitez venir en groupe ou profiter d\u2019une d\u00e9gustation sp\u00e9ciale\u00a0? Le domaine de la Provenqui\u00e8re est \u00e0 votre \u00e9coute pour vous proposer une exp\u00e9rience \u0153notouristique sur-mesure.<\/p>","_et_gb_content_width":"","footnotes":""},"class_list":["post-3455","page","type-page","status-publish","has-post-thumbnail","hentry"],"yoast_head":"<!-- This site is optimized with the Yoast SEO plugin v26.7 - https:\/\/yoast.com\/wordpress\/plugins\/seo\/ -->\n<title>Mini-farm of La Provenqui\u00e8re | La Provenqui\u00e8re Estate<\/title>\n<meta name=\"description\" content=\"Notice to nature lovers, children or adults! Enjoy a moment of sharing with the farm animals and discover the estate&#039;s winemaking heritage.\" \/>\n<meta name=\"robots\" content=\"index, follow, max-snippet:-1, max-image-preview:large, max-video-preview:-1\" \/>\n<link rel=\"canonical\" href=\"https:\/\/provenquiere.com\/en\/wine-tourism-activities\/mini-ferme-de-la-provenquiere\/\" \/>\n<meta property=\"og:locale\" content=\"en_US\" \/>\n<meta property=\"og:type\" content=\"article\" \/>\n<meta property=\"og:title\" content=\"Mini-farm of La Provenqui\u00e8re | La Provenqui\u00e8re Estate\" \/>\n<meta property=\"og:description\" content=\"Notice to nature lovers, children or adults! Enjoy a moment of sharing with the farm animals and discover the estate&#039;s winemaking heritage.\" \/>\n<meta property=\"og:url\" content=\"https:\/\/provenquiere.com\/en\/wine-tourism-activities\/mini-ferme-de-la-provenquiere\/\" \/>\n<meta property=\"og:site_name\" content=\"Domaine La Provenqui\u00e8re, Domaine viticole du Languedoc\" \/>\n<meta property=\"article:publisher\" content=\"https:\/\/www.facebook.com\/domainelaprovenquiere\" \/>\n<meta property=\"article:modified_time\" content=\"2025-01-30T13:17:09+00:00\" \/>\n<meta property=\"og:image\" content=\"https:\/\/provenquiere.com\/wp-content\/uploads\/2022\/03\/mini-ferme-domaine-la-provenquiere.jpg\" \/>\n\t<meta property=\"og:image:width\" content=\"1024\" \/>\n\t<meta property=\"og:image:height\" content=\"683\" \/>\n\t<meta property=\"og:image:type\" content=\"image\/jpeg\" \/>\n<meta name=\"twitter:card\" content=\"summary_large_image\" \/>\n<meta name=\"twitter:site\" content=\"@laprovenquiere\" \/>\n<meta name=\"twitter:label1\" content=\"Est. reading time\" \/>\n\t<meta name=\"twitter:data1\" content=\"2 minutes\" \/>\n<script type=\"application\/ld+json\" class=\"yoast-schema-graph\">{\"@context\":\"https:\/\/schema.org\",\"@graph\":[{\"@type\":\"WebPage\",\"@id\":\"https:\/\/provenquiere.com\/en\/wine-tourism-activities\/mini-ferme-de-la-provenquiere\/\",\"url\":\"https:\/\/provenquiere.com\/en\/wine-tourism-activities\/mini-ferme-de-la-provenquiere\/\",\"name\":\"Mini-farm of La Provenqui\u00e8re | La Provenqui\u00e8re Estate\",\"isPartOf\":{\"@id\":\"https:\/\/provenquiere.com\/en\/#website\"},\"primaryImageOfPage\":{\"@id\":\"https:\/\/provenquiere.com\/en\/wine-tourism-activities\/mini-ferme-de-la-provenquiere\/#primaryimage\"},\"image\":{\"@id\":\"https:\/\/provenquiere.com\/en\/wine-tourism-activities\/mini-ferme-de-la-provenquiere\/#primaryimage\"},\"thumbnailUrl\":\"https:\/\/provenquiere.com\/wp-content\/uploads\/2022\/03\/mini-ferme-domaine-la-provenquiere.jpg\",\"datePublished\":\"2021-11-09T09:47:34+00:00\",\"dateModified\":\"2025-01-30T13:17:09+00:00\",\"description\":\"Notice to nature lovers, children or adults! Enjoy a moment of sharing with the farm animals and discover the estate's winemaking heritage.\",\"breadcrumb\":{\"@id\":\"https:\/\/provenquiere.com\/en\/wine-tourism-activities\/mini-ferme-de-la-provenquiere\/#breadcrumb\"},\"inLanguage\":\"en-US\",\"potentialAction\":[{\"@type\":\"ReadAction\",\"target\":[\"https:\/\/provenquiere.com\/en\/wine-tourism-activities\/mini-ferme-de-la-provenquiere\/\"]}]},{\"@type\":\"ImageObject\",\"inLanguage\":\"en-US\",\"@id\":\"https:\/\/provenquiere.com\/en\/wine-tourism-activities\/mini-ferme-de-la-provenquiere\/#primaryimage\",\"url\":\"https:\/\/provenquiere.com\/wp-content\/uploads\/2022\/03\/mini-ferme-domaine-la-provenquiere.jpg\",\"contentUrl\":\"https:\/\/provenquiere.com\/wp-content\/uploads\/2022\/03\/mini-ferme-domaine-la-provenquiere.jpg\",\"width\":1024,\"height\":683},{\"@type\":\"BreadcrumbList\",\"@id\":\"https:\/\/provenquiere.com\/en\/wine-tourism-activities\/mini-ferme-de-la-provenquiere\/#breadcrumb\",\"itemListElement\":[{\"@type\":\"ListItem\",\"position\":1,\"name\":\"Accueil\",\"item\":\"https:\/\/provenquiere.com\/en\/\"},{\"@type\":\"ListItem\",\"position\":2,\"name\":\"WINE TOURISM ACTIVITIES\",\"item\":\"https:\/\/provenquiere.com\/en\/wine-tourism-activities\/\"},{\"@type\":\"ListItem\",\"position\":3,\"name\":\"LA PROVENQUI\u00c8RE MINI-FARM\"}]},{\"@type\":\"WebSite\",\"@id\":\"https:\/\/provenquiere.com\/en\/#website\",\"url\":\"https:\/\/provenquiere.com\/en\/\",\"name\":\"Domaine La Provenqui\u00e8re, Domaine viticole du Languedoc\",\"description\":\"Le domaine de la Provenqui\u00e8re, situ\u00e9 \u00e0 Capestang pr\u00e8s de B\u00e9ziers, en Languedoc, domine la r\u00e9gion de sa tour aux tuiles vertes.\",\"publisher\":{\"@id\":\"https:\/\/provenquiere.com\/en\/#organization\"},\"potentialAction\":[{\"@type\":\"SearchAction\",\"target\":{\"@type\":\"EntryPoint\",\"urlTemplate\":\"https:\/\/provenquiere.com\/en\/?s={search_term_string}\"},\"query-input\":{\"@type\":\"PropertyValueSpecification\",\"valueRequired\":true,\"valueName\":\"search_term_string\"}}],\"inLanguage\":\"en-US\"},{\"@type\":\"Organization\",\"@id\":\"https:\/\/provenquiere.com\/en\/#organization\",\"name\":\"Domaine La Provenqui\u00e8re\",\"url\":\"https:\/\/provenquiere.com\/en\/\",\"logo\":{\"@type\":\"ImageObject\",\"inLanguage\":\"en-US\",\"@id\":\"https:\/\/provenquiere.com\/en\/#\/schema\/logo\/image\/\",\"url\":\"https:\/\/provenquiere.com\/wp-content\/uploads\/2022\/05\/domaine-la-provenquiere-reception.jpg\",\"contentUrl\":\"https:\/\/provenquiere.com\/wp-content\/uploads\/2022\/05\/domaine-la-provenquiere-reception.jpg\",\"width\":1500,\"height\":1004,\"caption\":\"Domaine La Provenqui\u00e8re\"},\"image\":{\"@id\":\"https:\/\/provenquiere.com\/en\/#\/schema\/logo\/image\/\"},\"sameAs\":[\"https:\/\/www.facebook.com\/domainelaprovenquiere\",\"https:\/\/x.com\/laprovenquiere\",\"https:\/\/www.instagram.com\/la_provenquiere\/\"]}]}<\/script>\n<!-- \/ Yoast SEO plugin. -->","yoast_head_json":{"title":"Mini-farm of La Provenqui\u00e8re | La Provenqui\u00e8re Estate","description":"Notice to nature lovers, children or adults! Enjoy a moment of sharing with the farm animals and discover the estate's winemaking heritage.","robots":{"index":"index","follow":"follow","max-snippet":"max-snippet:-1","max-image-preview":"max-image-preview:large","max-video-preview":"max-video-preview:-1"},"canonical":"https:\/\/provenquiere.com\/en\/wine-tourism-activities\/mini-ferme-de-la-provenquiere\/","og_locale":"en_US","og_type":"article","og_title":"Mini-farm of La Provenqui\u00e8re | La Provenqui\u00e8re Estate","og_description":"Notice to nature lovers, children or adults! Enjoy a moment of sharing with the farm animals and discover the estate's winemaking heritage.","og_url":"https:\/\/provenquiere.com\/en\/wine-tourism-activities\/mini-ferme-de-la-provenquiere\/","og_site_name":"Domaine La Provenqui\u00e8re, Domaine viticole du Languedoc","article_publisher":"https:\/\/www.facebook.com\/domainelaprovenquiere","article_modified_time":"2025-01-30T13:17:09+00:00","og_image":[{"width":1024,"height":683,"url":"https:\/\/provenquiere.com\/wp-content\/uploads\/2022\/03\/mini-ferme-domaine-la-provenquiere.jpg","type":"image\/jpeg"}],"twitter_card":"summary_large_image","twitter_site":"@laprovenquiere","twitter_misc":{"Est. reading time":"2 minutes"},"schema":{"@context":"https:\/\/schema.org","@graph":[{"@type":"WebPage","@id":"https:\/\/provenquiere.com\/en\/wine-tourism-activities\/mini-ferme-de-la-provenquiere\/","url":"https:\/\/provenquiere.com\/en\/wine-tourism-activities\/mini-ferme-de-la-provenquiere\/","name":"Mini-farm of La Provenqui\u00e8re | La Provenqui\u00e8re Estate","isPartOf":{"@id":"https:\/\/provenquiere.com\/en\/#website"},"primaryImageOfPage":{"@id":"https:\/\/provenquiere.com\/en\/wine-tourism-activities\/mini-ferme-de-la-provenquiere\/#primaryimage"},"image":{"@id":"https:\/\/provenquiere.com\/en\/wine-tourism-activities\/mini-ferme-de-la-provenquiere\/#primaryimage"},"thumbnailUrl":"https:\/\/provenquiere.com\/wp-content\/uploads\/2022\/03\/mini-ferme-domaine-la-provenquiere.jpg","datePublished":"2021-11-09T09:47:34+00:00","dateModified":"2025-01-30T13:17:09+00:00","description":"Notice to nature lovers, children or adults! Enjoy a moment of sharing with the farm animals and discover the estate's winemaking heritage.","breadcrumb":{"@id":"https:\/\/provenquiere.com\/en\/wine-tourism-activities\/mini-ferme-de-la-provenquiere\/#breadcrumb"},"inLanguage":"en-US","potentialAction":[{"@type":"ReadAction","target":["https:\/\/provenquiere.com\/en\/wine-tourism-activities\/mini-ferme-de-la-provenquiere\/"]}]},{"@type":"ImageObject","inLanguage":"en-US","@id":"https:\/\/provenquiere.com\/en\/wine-tourism-activities\/mini-ferme-de-la-provenquiere\/#primaryimage","url":"https:\/\/provenquiere.com\/wp-content\/uploads\/2022\/03\/mini-ferme-domaine-la-provenquiere.jpg","contentUrl":"https:\/\/provenquiere.com\/wp-content\/uploads\/2022\/03\/mini-ferme-domaine-la-provenquiere.jpg","width":1024,"height":683},{"@type":"BreadcrumbList","@id":"https:\/\/provenquiere.com\/en\/wine-tourism-activities\/mini-ferme-de-la-provenquiere\/#breadcrumb","itemListElement":[{"@type":"ListItem","position":1,"name":"Accueil","item":"https:\/\/provenquiere.com\/en\/"},{"@type":"ListItem","position":2,"name":"WINE TOURISM ACTIVITIES","item":"https:\/\/provenquiere.com\/en\/wine-tourism-activities\/"},{"@type":"ListItem","position":3,"name":"LA PROVENQUI\u00c8RE MINI-FARM"}]},{"@type":"WebSite","@id":"https:\/\/provenquiere.com\/en\/#website","url":"https:\/\/provenquiere.com\/en\/","name":"Domaine La Provenqui\u00e8re, Domaine viticole du Languedoc","description":"Le domaine de la Provenqui\u00e8re, situ\u00e9 \u00e0 Capestang pr\u00e8s de B\u00e9ziers, en Languedoc, domine la r\u00e9gion de sa tour aux tuiles vertes.","publisher":{"@id":"https:\/\/provenquiere.com\/en\/#organization"},"potentialAction":[{"@type":"SearchAction","target":{"@type":"EntryPoint","urlTemplate":"https:\/\/provenquiere.com\/en\/?s={search_term_string}"},"query-input":{"@type":"PropertyValueSpecification","valueRequired":true,"valueName":"search_term_string"}}],"inLanguage":"en-US"},{"@type":"Organization","@id":"https:\/\/provenquiere.com\/en\/#organization","name":"Domaine La Provenqui\u00e8re","url":"https:\/\/provenquiere.com\/en\/","logo":{"@type":"ImageObject","inLanguage":"en-US","@id":"https:\/\/provenquiere.com\/en\/#\/schema\/logo\/image\/","url":"https:\/\/provenquiere.com\/wp-content\/uploads\/2022\/05\/domaine-la-provenquiere-reception.jpg","contentUrl":"https:\/\/provenquiere.com\/wp-content\/uploads\/2022\/05\/domaine-la-provenquiere-reception.jpg","width":1500,"height":1004,"caption":"Domaine La Provenqui\u00e8re"},"image":{"@id":"https:\/\/provenquiere.com\/en\/#\/schema\/logo\/image\/"},"sameAs":["https:\/\/www.facebook.com\/domainelaprovenquiere","https:\/\/x.com\/laprovenquiere","https:\/\/www.instagram.com\/la_provenquiere\/"]}]}},"_links":{"self":[{"href":"https:\/\/provenquiere.com\/en\/wp-json\/wp\/v2\/pages\/3455","targetHints":{"allow":["GET"]}}],"collection":[{"href":"https:\/\/provenquiere.com\/en\/wp-json\/wp\/v2\/pages"}],"about":[{"href":"https:\/\/provenquiere.com\/en\/wp-json\/wp\/v2\/types\/page"}],"author":[{"embeddable":true,"href":"https:\/\/provenquiere.com\/en\/wp-json\/wp\/v2\/users\/2"}],"replies":[{"embeddable":true,"href":"https:\/\/provenquiere.com\/en\/wp-json\/wp\/v2\/comments?post=3455"}],"version-history":[{"count":1,"href":"https:\/\/provenquiere.com\/en\/wp-json\/wp\/v2\/pages\/3455\/revisions"}],"predecessor-version":[{"id":5764,"href":"https:\/\/provenquiere.com\/en\/wp-json\/wp\/v2\/pages\/3455\/revisions\/5764"}],"up":[{"embeddable":true,"href":"https:\/\/provenquiere.com\/en\/wp-json\/wp\/v2\/pages\/3185"}],"wp:featuredmedia":[{"embeddable":true,"href":"https:\/\/provenquiere.com\/en\/wp-json\/wp\/v2\/media\/2996"}],"wp:attachment":[{"href":"https:\/\/provenquiere.com\/en\/wp-json\/wp\/v2\/media?parent=3455"}],"curies":[{"name":"wp","href":"https:\/\/api.w.org\/{rel}","templated":true}]}}