{"id":3443,"date":"2021-11-10T10:32:15","date_gmt":"2021-11-10T09:32:15","guid":{"rendered":"https:\/\/provenquiere.com\/wine-tourism-activities\/le-canal-du-midi-a-velo\/"},"modified":"2025-01-30T14:16:05","modified_gmt":"2025-01-30T13:16:05","slug":"le-canal-du-midi-a-velo","status":"publish","type":"page","link":"https:\/\/provenquiere.com\/en\/wine-tourism-activities\/le-canal-du-midi-a-velo\/","title":{"rendered":"FROM THE CANAL DU MIDI\u2026"},"content":{"rendered":"<p>[et_pb_section fb_built=&#8221;1&#8243; _builder_version=&#8221;4.16&#8243; global_colors_info=&#8221;{}&#8221;][et_pb_row column_structure=&#8221;3_5,2_5&#8243; _builder_version=&#8221;4.16&#8243; background_size=&#8221;initial&#8221; background_position=&#8221;top_left&#8221; background_repeat=&#8221;repeat&#8221; global_colors_info=&#8221;{}&#8221;][et_pb_column type=&#8221;3_5&#8243; _builder_version=&#8221;4.16&#8243; custom_padding=&#8221;|||&#8221; global_colors_info=&#8221;{}&#8221; custom_padding__hover=&#8221;|||&#8221;][et_pb_text _builder_version=&#8221;4.17.4&#8243; background_size=&#8221;initial&#8221; background_position=&#8221;top_left&#8221; background_repeat=&#8221;repeat&#8221; global_colors_info=&#8221;{}&#8221;]<\/p>\n<h2 style=\"font-weight: 400;\">(available in 2024)<\/h2>\n<p style=\"font-weight: 400;\">On a bike ride or on foot along the Canal du Midi between Toulouse and S\u00e8te? Guided from the canal by a <strong>marked path criss-crossing the vineyards,<\/strong> stop at <strong>La Provenqui\u00e8re Estate<\/strong>, located just 4 km from the port of Capestang and 12 km from the 9 locks of Fonseranes in B\u00e9ziers.<\/p>\n<p style=\"font-weight: 400;\">Take a break <strong>to discover the Languedoc winemaking heritage<\/strong>, savour <strong>the calm of the vineyard<\/strong> and taste the<strong> best cuv\u00e9es<\/strong> and <strong>local products<\/strong> produced at the estate.<\/p>\n<p>[\/et_pb_text][et_pb_image src=&#8221;https:\/\/provenquiere.com\/wp-content\/uploads\/2021\/11\/canal-du-midi-a-velo.jpg&#8221; alt=&#8221;Canal du Midi \u00e0 V\u00e9lo et d\u00e9gustation de vin&#8221; title_text=&#8221;canal-du-midi-a-velo&#8221; _builder_version=&#8221;4.16&#8243; _module_preset=&#8221;default&#8221; global_colors_info=&#8221;{}&#8221;][\/et_pb_image][\/et_pb_column][et_pb_column type=&#8221;2_5&#8243; _builder_version=&#8221;4.16&#8243; custom_padding=&#8221;|||&#8221; global_colors_info=&#8221;{}&#8221; custom_padding__hover=&#8221;|||&#8221;][et_pb_cta title=&#8221;LA PROVENQUI\u00c8RE ESTATE ALSO OFFERS DIRECT SALE OF ITS WINES FROM THE PROPERTY&#8221; button_url=&#8221;https:\/\/www.google.com\/maps\/dir\/\/google+maps+la+provenquiere\/data=!4m6!4m5!1m1!4e2!1m2!1m1!1s0x12b1a73ea4c548db:0xc5a76c912a41fa2b?sa=X&#038;ved=2ahUKEwiukqGEu430AhUj7eAKHRwQBDQQ9Rd6BAhGEAU&#8221; url_new_window=&#8221;on&#8221; button_text=&#8221;Visite the Estate&#8221; _builder_version=&#8221;4.17.4&#8243; _module_preset=&#8221;default&#8221; hover_enabled=&#8221;0&#8243; saved_tabs=&#8221;all&#8221; global_colors_info=&#8221;{}&#8221; sticky_enabled=&#8221;0&#8243;]<\/p>\n<p id=\"u4942-25\"><strong>OPENING HOURS:\u00a0<\/strong><\/p>\n<ul>\n<li id=\"u4942-30\">Monday to Friday from 9:00 to 12:00 am and from 14:00 to 18:00 pm<\/li>\n<li>Saturday from 9:00 to 12:00 am<\/li>\n<\/ul>\n<p id=\"u4942-35\"><strong>CLOSED ON:<\/strong><\/p>\n<ul>\n<li id=\"u4942-40\">Saturday afternoon<\/li>\n<li>Sunday all day<\/li>\n<li>Bank holidays<\/li>\n<\/ul>\n<p>[\/et_pb_cta][\/et_pb_column][\/et_pb_row][\/et_pb_section][et_pb_section fb_built=&#8221;1&#8243; _builder_version=&#8221;4.16&#8243; _module_preset=&#8221;default&#8221; global_colors_info=&#8221;{}&#8221;][et_pb_row _builder_version=&#8221;4.16&#8243; _module_preset=&#8221;default&#8221; global_colors_info=&#8221;{}&#8221;][et_pb_column type=&#8221;4_4&#8243; _builder_version=&#8221;4.16&#8243; _module_preset=&#8221;default&#8221; global_colors_info=&#8221;{}&#8221;][et_pb_text _builder_version=&#8221;4.17.4&#8243; _module_preset=&#8221;default&#8221; header_2_font=&#8221;|||on|||||&#8221; header_2_font_size=&#8221;20px&#8221; module_alignment=&#8221;center&#8221; custom_margin=&#8221;||0px||false|false&#8221; custom_padding=&#8221;||0px||false|false&#8221; global_colors_info=&#8221;{}&#8221;]<\/p>\n<h2><a href=\"https:\/\/provenquiere.com\/en\/activite\/wine-tourism-activities-in-the-estate\/\">Wine tourism activities and services at the estate\u00a0<\/a><\/h2>\n<p>[\/et_pb_text][et_pb_divider _builder_version=&#8221;4.16&#8243; _module_preset=&#8221;default&#8221; width=&#8221;150px&#8221; module_alignment=&#8221;left&#8221; custom_margin=&#8221;0px||0px||false|false&#8221; custom_padding=&#8221;0px||0px||false|false&#8221; global_colors_info=&#8221;{}&#8221;][\/et_pb_divider][\/et_pb_column][\/et_pb_row][et_pb_row column_structure=&#8221;1_6,1_6,1_6,1_6,1_6,1_6&#8243; use_custom_gutter=&#8221;on&#8221; gutter_width=&#8221;2&#8243; make_equal=&#8221;on&#8221; _builder_version=&#8221;4.16&#8243; _module_preset=&#8221;default&#8221; module_alignment=&#8221;center&#8221; custom_margin=&#8221;0px||||false|false&#8221; custom_padding=&#8221;0px||||false|false&#8221; global_colors_info=&#8221;{}&#8221;][et_pb_column type=&#8221;1_6&#8243; _builder_version=&#8221;4.16&#8243; _dynamic_attributes=&#8221;link_option_url&#8221; _module_preset=&#8221;default&#8221; background_image=&#8221;https:\/\/provenquiere.com\/wp-content\/uploads\/2021\/10\/0037-domaine-de-la-provenquiere.jpg&#8221; link_option_url=&#8221;@ET-DC@eyJkeW5hbWljIjp0cnVlLCJjb250ZW50IjoicG9zdF9saW5rX3VybF9wYWdlIiwic2V0dGluZ3MiOnsicG9zdF9pZCI6Ijk4MCJ9fQ==@&#8221; global_colors_info=&#8221;{}&#8221; transform_styles__hover_enabled=&#8221;on|hover&#8221; transform_scale__hover_enabled=&#8221;on|hover&#8221; transform_translate__hover_enabled=&#8221;on|desktop&#8221; transform_rotate__hover_enabled=&#8221;on|desktop&#8221; transform_skew__hover_enabled=&#8221;on|desktop&#8221; transform_origin__hover_enabled=&#8221;on|desktop&#8221; transform_scale__hover=&#8221;105%|105%&#8221;][et_pb_text _builder_version=&#8221;4.17.4&#8243; _module_preset=&#8221;default&#8221; text_font=&#8221;Montserrat||||||||&#8221; text_text_color=&#8221;#FFFFFF&#8221; text_font_size=&#8221;16px&#8221; text_orientation=&#8221;center&#8221; custom_padding=&#8221;40px||40px||true|false&#8221; text_text_shadow_style=&#8221;preset3&#8243; global_colors_info=&#8221;{}&#8221;]<\/p>\n<p style=\"font-weight: 400;\">VISIT OF THE CELLAR &amp; WINE TASTING AT THE ESTATE<\/p>\n<p>[\/et_pb_text][\/et_pb_column][et_pb_column type=&#8221;1_6&#8243; _builder_version=&#8221;4.16&#8243; _dynamic_attributes=&#8221;link_option_url&#8221; _module_preset=&#8221;default&#8221; background_image=&#8221;https:\/\/provenquiere.com\/wp-content\/uploads\/2022\/03\/domaine-provenquiere-concert-culture-capestang.jpg&#8221; link_option_url=&#8221;@ET-DC@eyJkeW5hbWljIjp0cnVlLCJjb250ZW50IjoicG9zdF9saW5rX3VybF9wYWdlIiwic2V0dGluZ3MiOnsicG9zdF9pZCI6IjE5NzIifX0=@&#8221; global_colors_info=&#8221;{}&#8221; transform_styles__hover_enabled=&#8221;on|hover&#8221; transform_scale__hover=&#8221;105%|105%&#8221; transform_scale__hover_enabled=&#8221;on|hover&#8221; transform_translate__hover_enabled=&#8221;on|desktop&#8221; transform_rotate__hover_enabled=&#8221;on|desktop&#8221; transform_skew__hover_enabled=&#8221;on|desktop&#8221; transform_origin__hover_enabled=&#8221;on|desktop&#8221;][et_pb_text _builder_version=&#8221;4.17.4&#8243; _module_preset=&#8221;default&#8221; text_font=&#8221;Montserrat||||||||&#8221; text_text_color=&#8221;#FFFFFF&#8221; text_font_size=&#8221;16px&#8221; text_orientation=&#8221;center&#8221; custom_padding=&#8221;40px||40px||true|false&#8221; text_text_shadow_style=&#8221;preset3&#8243; global_colors_info=&#8221;{}&#8221;]<\/p>\n<p style=\"font-weight: 400;\">ORGANIZE YOUR ARTISTIC EVENT IN THE ESTATE<\/p>\n<p>[\/et_pb_text][\/et_pb_column][et_pb_column type=&#8221;1_6&#8243; _builder_version=&#8221;4.16&#8243; _dynamic_attributes=&#8221;link_option_url&#8221; _module_preset=&#8221;default&#8221; background_image=&#8221;https:\/\/provenquiere.com\/wp-content\/uploads\/2021\/11\/canal-du-midi-capestang-degustation-vin.jpg&#8221; link_option_url=&#8221;@ET-DC@eyJkeW5hbWljIjp0cnVlLCJjb250ZW50IjoicG9zdF9saW5rX3VybF9wYWdlIiwic2V0dGluZ3MiOnsicG9zdF9pZCI6Ijk0MyJ9fQ==@&#8221; global_colors_info=&#8221;{}&#8221; transform_styles__hover_enabled=&#8221;on|hover&#8221; transform_scale__hover=&#8221;105%|105%&#8221; transform_scale__hover_enabled=&#8221;on|hover&#8221; transform_translate__hover_enabled=&#8221;on|desktop&#8221; transform_rotate__hover_enabled=&#8221;on|desktop&#8221; transform_skew__hover_enabled=&#8221;on|desktop&#8221; transform_origin__hover_enabled=&#8221;on|desktop&#8221;][et_pb_text _builder_version=&#8221;4.17.4&#8243; _module_preset=&#8221;default&#8221; text_font=&#8221;Montserrat||||||||&#8221; text_text_color=&#8221;#FFFFFF&#8221; text_font_size=&#8221;16px&#8221; text_orientation=&#8221;center&#8221; custom_padding=&#8221;40px||40px||true|false&#8221; text_text_shadow_style=&#8221;preset3&#8243; global_colors_info=&#8221;{}&#8221;]<\/p>\n<p style=\"font-weight: 400;\">TASTING &amp; CRUISE ON THE CANAL DU MIDI<\/p>\n<p>[\/et_pb_text][\/et_pb_column][et_pb_column type=&#8221;1_6&#8243; _builder_version=&#8221;4.16&#8243; _dynamic_attributes=&#8221;link_option_url&#8221; _module_preset=&#8221;default&#8221; background_image=&#8221;https:\/\/provenquiere.com\/wp-content\/uploads\/2022\/03\/Domaine-la-provenquiere-degustation-visite.jpg&#8221; link_option_url=&#8221;@ET-DC@eyJkeW5hbWljIjp0cnVlLCJjb250ZW50IjoicG9zdF9saW5rX3VybF9wYWdlIiwic2V0dGluZ3MiOnsicG9zdF9pZCI6IjkzOCJ9fQ==@&#8221; global_colors_info=&#8221;{}&#8221; transform_styles__hover_enabled=&#8221;on|hover&#8221; transform_scale__hover=&#8221;105%|105%&#8221; transform_scale__hover_enabled=&#8221;on|hover&#8221; transform_translate__hover_enabled=&#8221;on|desktop&#8221; transform_rotate__hover_enabled=&#8221;on|desktop&#8221; transform_skew__hover_enabled=&#8221;on|desktop&#8221; transform_origin__hover_enabled=&#8221;on|desktop&#8221;][et_pb_text _builder_version=&#8221;4.17.4&#8243; _module_preset=&#8221;default&#8221; text_font=&#8221;Montserrat||||||||&#8221; text_text_color=&#8221;#FFFFFF&#8221; text_font_size=&#8221;16px&#8221; text_orientation=&#8221;center&#8221; custom_padding=&#8221;40px||40px||true|false&#8221; text_text_shadow_style=&#8221;preset3&#8243; global_colors_info=&#8221;{}&#8221;]<\/p>\n<div><span lang=\"EN-GB\">VINEYARD WALKING &amp; TASTING IN THE HEART OF LA PROVENQUI\u00c8RE ESTATE<\/span><\/div>\n<p>[\/et_pb_text][\/et_pb_column][et_pb_column type=&#8221;1_6&#8243; _builder_version=&#8221;4.16&#8243; _dynamic_attributes=&#8221;link_option_url&#8221; _module_preset=&#8221;default&#8221; background_image=&#8221;https:\/\/provenquiere.com\/wp-content\/uploads\/2022\/02\/L_J-9-scaled-e1645625493386.jpg&#8221; link_option_url=&#8221;@ET-DC@eyJkeW5hbWljIjp0cnVlLCJjb250ZW50IjoicG9zdF9saW5rX3VybF9wYWdlIiwic2V0dGluZ3MiOnsicG9zdF9pZCI6Ijk4NSJ9fQ==@&#8221; global_colors_info=&#8221;{}&#8221; transform_styles__hover_enabled=&#8221;on|hover&#8221; transform_scale__hover=&#8221;105%|105%&#8221; transform_scale__hover_enabled=&#8221;on|hover&#8221; transform_translate__hover_enabled=&#8221;on|desktop&#8221; transform_rotate__hover_enabled=&#8221;on|desktop&#8221; transform_skew__hover_enabled=&#8221;on|desktop&#8221; transform_origin__hover_enabled=&#8221;on|desktop&#8221;][et_pb_text _builder_version=&#8221;4.17.4&#8243; _module_preset=&#8221;default&#8221; text_font=&#8221;Montserrat||||||||&#8221; text_text_color=&#8221;#FFFFFF&#8221; text_font_size=&#8221;16px&#8221; text_orientation=&#8221;center&#8221; custom_padding=&#8221;40px||40px||true|false&#8221; text_text_shadow_style=&#8221;preset3&#8243; global_colors_info=&#8221;{}&#8221;]<\/p>\n<p style=\"font-weight: 400;\">LA PROVENQUI\u00c8RE MINI-FARM<\/p>\n<p>[\/et_pb_text][\/et_pb_column][et_pb_column type=&#8221;1_6&#8243; _builder_version=&#8221;4.16&#8243; _dynamic_attributes=&#8221;link_option_url&#8221; _module_preset=&#8221;default&#8221; background_image=&#8221;https:\/\/provenquiere.com\/wp-content\/uploads\/2021\/12\/savoir-faire-vigne-provenquiere-5.jpg&#8221; link_option_url=&#8221;@ET-DC@eyJkeW5hbWljIjp0cnVlLCJjb250ZW50IjoicG9zdF9saW5rX3VybF9wYWdlIiwic2V0dGluZ3MiOnsicG9zdF9pZCI6Ijk4MiJ9fQ==@&#8221; global_colors_info=&#8221;{}&#8221; transform_styles__hover_enabled=&#8221;on|hover&#8221; transform_scale__hover=&#8221;105%|105%&#8221; transform_scale__hover_enabled=&#8221;on|hover&#8221; transform_translate__hover_enabled=&#8221;on|desktop&#8221; transform_rotate__hover_enabled=&#8221;on|desktop&#8221; transform_skew__hover_enabled=&#8221;on|desktop&#8221; transform_origin__hover_enabled=&#8221;on|desktop&#8221;][et_pb_text _builder_version=&#8221;4.17.4&#8243; _module_preset=&#8221;default&#8221; text_font=&#8221;Montserrat||||||||&#8221; text_text_color=&#8221;#FFFFFF&#8221; text_font_size=&#8221;16px&#8221; text_orientation=&#8221;center&#8221; custom_padding=&#8221;40px||40px||true|false&#8221; text_text_shadow_style=&#8221;preset3&#8243; global_colors_info=&#8221;{}&#8221;]<\/p>\n<p style=\"font-weight: 400;\">LA PROVENQUI\u00c8RE APIARY AND ITS HONEY<\/p>\n<p>[\/et_pb_text][\/et_pb_column][\/et_pb_row][\/et_pb_section]<\/p>\n","protected":false},"excerpt":{"rendered":"<p>Pendant votre s\u00e9jour \u00e0 v\u00e9lo le long du Canal du Midi entre Toulouse et S\u00e8te, pr\u00e9voyez un arr\u00eat au domaine de la Provenqui\u00e8re, situ\u00e9 \u00e0 seulement 4 km du port de Capestang et 12 km des 9 \u00c9cluses de Fonseranes \u00e0 B\u00e9ziers.<\/p>\n","protected":false},"author":2,"featured_media":4946,"parent":3185,"menu_order":0,"comment_status":"open","ping_status":"closed","template":"","meta":{"_et_pb_use_builder":"on","_et_pb_old_content":"<p>Envie de d\u00e9couvrir la richesse du vignoble du Languedoc-Roussillon\u00a0? L\u2019\u00e9quipe du domaine vous accueille tout au long de l\u2019ann\u00e9e pour partager sa passion du vin et de la vigne autour d\u2019une visite du chai et d\u2019une d\u00e9gustation, sur r\u00e9servation. La cave vous propose \u00e9galement de d\u00e9couvrir les autres produits du terroir sign\u00e9s La Provenqui\u00e8re, huile d\u2019olive et miel.<\/p><p>Vous souhaitez venir en groupe ou profiter d\u2019une d\u00e9gustation sp\u00e9ciale\u00a0? Le domaine de la Provenqui\u00e8re est \u00e0 votre \u00e9coute pour vous proposer une exp\u00e9rience \u0153notouristique sur-mesure.<\/p>","_et_gb_content_width":"","footnotes":""},"class_list":["post-3443","page","type-page","status-publish","has-post-thumbnail","hentry"],"yoast_head":"<!-- This site is optimized with the Yoast SEO plugin v26.7 - https:\/\/yoast.com\/wordpress\/plugins\/seo\/ -->\n<title>Walk in the vineyard from the Canal du Midi | La Provenqui\u00e8re Estate<\/title>\n<meta name=\"description\" content=\"On a stroll along the Canal du Midi? Guided by a path crisscrossing the vineyard, treat yourself to an enchanted break at La Provenqui\u00e8re Estate and discover our heritage.\" \/>\n<meta name=\"robots\" content=\"index, follow, max-snippet:-1, max-image-preview:large, max-video-preview:-1\" \/>\n<link rel=\"canonical\" href=\"https:\/\/provenquiere.com\/en\/wine-tourism-activities\/le-canal-du-midi-a-velo\/\" \/>\n<meta property=\"og:locale\" content=\"en_US\" \/>\n<meta property=\"og:type\" content=\"article\" \/>\n<meta property=\"og:title\" content=\"Walk in the vineyard from the Canal du Midi | La Provenqui\u00e8re Estate\" \/>\n<meta property=\"og:description\" content=\"On a stroll along the Canal du Midi? Guided by a path crisscrossing the vineyard, treat yourself to an enchanted break at La Provenqui\u00e8re Estate and discover our heritage.\" \/>\n<meta property=\"og:url\" content=\"https:\/\/provenquiere.com\/en\/wine-tourism-activities\/le-canal-du-midi-a-velo\/\" \/>\n<meta property=\"og:site_name\" content=\"Domaine La Provenqui\u00e8re, Domaine viticole du Languedoc\" \/>\n<meta property=\"article:publisher\" content=\"https:\/\/www.facebook.com\/domainelaprovenquiere\" \/>\n<meta property=\"article:modified_time\" content=\"2025-01-30T13:16:05+00:00\" \/>\n<meta property=\"og:image\" content=\"https:\/\/provenquiere.com\/wp-content\/uploads\/2024\/03\/canal-du-midi-a-velo-banniere.jpg\" \/>\n\t<meta property=\"og:image:width\" content=\"1450\" \/>\n\t<meta property=\"og:image:height\" content=\"967\" \/>\n\t<meta property=\"og:image:type\" content=\"image\/jpeg\" \/>\n<meta name=\"twitter:card\" content=\"summary_large_image\" \/>\n<meta name=\"twitter:site\" content=\"@laprovenquiere\" \/>\n<meta name=\"twitter:label1\" content=\"Est. reading time\" \/>\n\t<meta name=\"twitter:data1\" content=\"2 minutes\" \/>\n<script type=\"application\/ld+json\" class=\"yoast-schema-graph\">{\"@context\":\"https:\/\/schema.org\",\"@graph\":[{\"@type\":\"WebPage\",\"@id\":\"https:\/\/provenquiere.com\/en\/wine-tourism-activities\/le-canal-du-midi-a-velo\/\",\"url\":\"https:\/\/provenquiere.com\/en\/wine-tourism-activities\/le-canal-du-midi-a-velo\/\",\"name\":\"Walk in the vineyard from the Canal du Midi | La Provenqui\u00e8re Estate\",\"isPartOf\":{\"@id\":\"https:\/\/provenquiere.com\/en\/#website\"},\"primaryImageOfPage\":{\"@id\":\"https:\/\/provenquiere.com\/en\/wine-tourism-activities\/le-canal-du-midi-a-velo\/#primaryimage\"},\"image\":{\"@id\":\"https:\/\/provenquiere.com\/en\/wine-tourism-activities\/le-canal-du-midi-a-velo\/#primaryimage\"},\"thumbnailUrl\":\"https:\/\/provenquiere.com\/wp-content\/uploads\/2024\/03\/canal-du-midi-a-velo-banniere.jpg\",\"datePublished\":\"2021-11-10T09:32:15+00:00\",\"dateModified\":\"2025-01-30T13:16:05+00:00\",\"description\":\"On a stroll along the Canal du Midi? Guided by a path crisscrossing the vineyard, treat yourself to an enchanted break at La Provenqui\u00e8re Estate and discover our heritage.\",\"breadcrumb\":{\"@id\":\"https:\/\/provenquiere.com\/en\/wine-tourism-activities\/le-canal-du-midi-a-velo\/#breadcrumb\"},\"inLanguage\":\"en-US\",\"potentialAction\":[{\"@type\":\"ReadAction\",\"target\":[\"https:\/\/provenquiere.com\/en\/wine-tourism-activities\/le-canal-du-midi-a-velo\/\"]}]},{\"@type\":\"ImageObject\",\"inLanguage\":\"en-US\",\"@id\":\"https:\/\/provenquiere.com\/en\/wine-tourism-activities\/le-canal-du-midi-a-velo\/#primaryimage\",\"url\":\"https:\/\/provenquiere.com\/wp-content\/uploads\/2024\/03\/canal-du-midi-a-velo-banniere.jpg\",\"contentUrl\":\"https:\/\/provenquiere.com\/wp-content\/uploads\/2024\/03\/canal-du-midi-a-velo-banniere.jpg\",\"width\":1450,\"height\":967,\"caption\":\"Balade \u00e0 velo sur la canal du midi et degustation de vins\"},{\"@type\":\"BreadcrumbList\",\"@id\":\"https:\/\/provenquiere.com\/en\/wine-tourism-activities\/le-canal-du-midi-a-velo\/#breadcrumb\",\"itemListElement\":[{\"@type\":\"ListItem\",\"position\":1,\"name\":\"Accueil\",\"item\":\"https:\/\/provenquiere.com\/en\/\"},{\"@type\":\"ListItem\",\"position\":2,\"name\":\"WINE TOURISM ACTIVITIES\",\"item\":\"https:\/\/provenquiere.com\/en\/wine-tourism-activities\/\"},{\"@type\":\"ListItem\",\"position\":3,\"name\":\"FROM THE CANAL DU MIDI\u2026\"}]},{\"@type\":\"WebSite\",\"@id\":\"https:\/\/provenquiere.com\/en\/#website\",\"url\":\"https:\/\/provenquiere.com\/en\/\",\"name\":\"Domaine La Provenqui\u00e8re, Domaine viticole du Languedoc\",\"description\":\"Le domaine de la Provenqui\u00e8re, situ\u00e9 \u00e0 Capestang pr\u00e8s de B\u00e9ziers, en Languedoc, domine la r\u00e9gion de sa tour aux tuiles vertes.\",\"publisher\":{\"@id\":\"https:\/\/provenquiere.com\/en\/#organization\"},\"potentialAction\":[{\"@type\":\"SearchAction\",\"target\":{\"@type\":\"EntryPoint\",\"urlTemplate\":\"https:\/\/provenquiere.com\/en\/?s={search_term_string}\"},\"query-input\":{\"@type\":\"PropertyValueSpecification\",\"valueRequired\":true,\"valueName\":\"search_term_string\"}}],\"inLanguage\":\"en-US\"},{\"@type\":\"Organization\",\"@id\":\"https:\/\/provenquiere.com\/en\/#organization\",\"name\":\"Domaine La Provenqui\u00e8re\",\"url\":\"https:\/\/provenquiere.com\/en\/\",\"logo\":{\"@type\":\"ImageObject\",\"inLanguage\":\"en-US\",\"@id\":\"https:\/\/provenquiere.com\/en\/#\/schema\/logo\/image\/\",\"url\":\"https:\/\/provenquiere.com\/wp-content\/uploads\/2022\/05\/domaine-la-provenquiere-reception.jpg\",\"contentUrl\":\"https:\/\/provenquiere.com\/wp-content\/uploads\/2022\/05\/domaine-la-provenquiere-reception.jpg\",\"width\":1500,\"height\":1004,\"caption\":\"Domaine La Provenqui\u00e8re\"},\"image\":{\"@id\":\"https:\/\/provenquiere.com\/en\/#\/schema\/logo\/image\/\"},\"sameAs\":[\"https:\/\/www.facebook.com\/domainelaprovenquiere\",\"https:\/\/x.com\/laprovenquiere\",\"https:\/\/www.instagram.com\/la_provenquiere\/\"]}]}<\/script>\n<!-- \/ Yoast SEO plugin. -->","yoast_head_json":{"title":"Walk in the vineyard from the Canal du Midi | La Provenqui\u00e8re Estate","description":"On a stroll along the Canal du Midi? Guided by a path crisscrossing the vineyard, treat yourself to an enchanted break at La Provenqui\u00e8re Estate and discover our heritage.","robots":{"index":"index","follow":"follow","max-snippet":"max-snippet:-1","max-image-preview":"max-image-preview:large","max-video-preview":"max-video-preview:-1"},"canonical":"https:\/\/provenquiere.com\/en\/wine-tourism-activities\/le-canal-du-midi-a-velo\/","og_locale":"en_US","og_type":"article","og_title":"Walk in the vineyard from the Canal du Midi | La Provenqui\u00e8re Estate","og_description":"On a stroll along the Canal du Midi? Guided by a path crisscrossing the vineyard, treat yourself to an enchanted break at La Provenqui\u00e8re Estate and discover our heritage.","og_url":"https:\/\/provenquiere.com\/en\/wine-tourism-activities\/le-canal-du-midi-a-velo\/","og_site_name":"Domaine La Provenqui\u00e8re, Domaine viticole du Languedoc","article_publisher":"https:\/\/www.facebook.com\/domainelaprovenquiere","article_modified_time":"2025-01-30T13:16:05+00:00","og_image":[{"width":1450,"height":967,"url":"https:\/\/provenquiere.com\/wp-content\/uploads\/2024\/03\/canal-du-midi-a-velo-banniere.jpg","type":"image\/jpeg"}],"twitter_card":"summary_large_image","twitter_site":"@laprovenquiere","twitter_misc":{"Est. reading time":"2 minutes"},"schema":{"@context":"https:\/\/schema.org","@graph":[{"@type":"WebPage","@id":"https:\/\/provenquiere.com\/en\/wine-tourism-activities\/le-canal-du-midi-a-velo\/","url":"https:\/\/provenquiere.com\/en\/wine-tourism-activities\/le-canal-du-midi-a-velo\/","name":"Walk in the vineyard from the Canal du Midi | La Provenqui\u00e8re Estate","isPartOf":{"@id":"https:\/\/provenquiere.com\/en\/#website"},"primaryImageOfPage":{"@id":"https:\/\/provenquiere.com\/en\/wine-tourism-activities\/le-canal-du-midi-a-velo\/#primaryimage"},"image":{"@id":"https:\/\/provenquiere.com\/en\/wine-tourism-activities\/le-canal-du-midi-a-velo\/#primaryimage"},"thumbnailUrl":"https:\/\/provenquiere.com\/wp-content\/uploads\/2024\/03\/canal-du-midi-a-velo-banniere.jpg","datePublished":"2021-11-10T09:32:15+00:00","dateModified":"2025-01-30T13:16:05+00:00","description":"On a stroll along the Canal du Midi? Guided by a path crisscrossing the vineyard, treat yourself to an enchanted break at La Provenqui\u00e8re Estate and discover our heritage.","breadcrumb":{"@id":"https:\/\/provenquiere.com\/en\/wine-tourism-activities\/le-canal-du-midi-a-velo\/#breadcrumb"},"inLanguage":"en-US","potentialAction":[{"@type":"ReadAction","target":["https:\/\/provenquiere.com\/en\/wine-tourism-activities\/le-canal-du-midi-a-velo\/"]}]},{"@type":"ImageObject","inLanguage":"en-US","@id":"https:\/\/provenquiere.com\/en\/wine-tourism-activities\/le-canal-du-midi-a-velo\/#primaryimage","url":"https:\/\/provenquiere.com\/wp-content\/uploads\/2024\/03\/canal-du-midi-a-velo-banniere.jpg","contentUrl":"https:\/\/provenquiere.com\/wp-content\/uploads\/2024\/03\/canal-du-midi-a-velo-banniere.jpg","width":1450,"height":967,"caption":"Balade \u00e0 velo sur la canal du midi et degustation de vins"},{"@type":"BreadcrumbList","@id":"https:\/\/provenquiere.com\/en\/wine-tourism-activities\/le-canal-du-midi-a-velo\/#breadcrumb","itemListElement":[{"@type":"ListItem","position":1,"name":"Accueil","item":"https:\/\/provenquiere.com\/en\/"},{"@type":"ListItem","position":2,"name":"WINE TOURISM ACTIVITIES","item":"https:\/\/provenquiere.com\/en\/wine-tourism-activities\/"},{"@type":"ListItem","position":3,"name":"FROM THE CANAL DU MIDI\u2026"}]},{"@type":"WebSite","@id":"https:\/\/provenquiere.com\/en\/#website","url":"https:\/\/provenquiere.com\/en\/","name":"Domaine La Provenqui\u00e8re, Domaine viticole du Languedoc","description":"Le domaine de la Provenqui\u00e8re, situ\u00e9 \u00e0 Capestang pr\u00e8s de B\u00e9ziers, en Languedoc, domine la r\u00e9gion de sa tour aux tuiles vertes.","publisher":{"@id":"https:\/\/provenquiere.com\/en\/#organization"},"potentialAction":[{"@type":"SearchAction","target":{"@type":"EntryPoint","urlTemplate":"https:\/\/provenquiere.com\/en\/?s={search_term_string}"},"query-input":{"@type":"PropertyValueSpecification","valueRequired":true,"valueName":"search_term_string"}}],"inLanguage":"en-US"},{"@type":"Organization","@id":"https:\/\/provenquiere.com\/en\/#organization","name":"Domaine La Provenqui\u00e8re","url":"https:\/\/provenquiere.com\/en\/","logo":{"@type":"ImageObject","inLanguage":"en-US","@id":"https:\/\/provenquiere.com\/en\/#\/schema\/logo\/image\/","url":"https:\/\/provenquiere.com\/wp-content\/uploads\/2022\/05\/domaine-la-provenquiere-reception.jpg","contentUrl":"https:\/\/provenquiere.com\/wp-content\/uploads\/2022\/05\/domaine-la-provenquiere-reception.jpg","width":1500,"height":1004,"caption":"Domaine La Provenqui\u00e8re"},"image":{"@id":"https:\/\/provenquiere.com\/en\/#\/schema\/logo\/image\/"},"sameAs":["https:\/\/www.facebook.com\/domainelaprovenquiere","https:\/\/x.com\/laprovenquiere","https:\/\/www.instagram.com\/la_provenquiere\/"]}]}},"_links":{"self":[{"href":"https:\/\/provenquiere.com\/en\/wp-json\/wp\/v2\/pages\/3443","targetHints":{"allow":["GET"]}}],"collection":[{"href":"https:\/\/provenquiere.com\/en\/wp-json\/wp\/v2\/pages"}],"about":[{"href":"https:\/\/provenquiere.com\/en\/wp-json\/wp\/v2\/types\/page"}],"author":[{"embeddable":true,"href":"https:\/\/provenquiere.com\/en\/wp-json\/wp\/v2\/users\/2"}],"replies":[{"embeddable":true,"href":"https:\/\/provenquiere.com\/en\/wp-json\/wp\/v2\/comments?post=3443"}],"version-history":[{"count":1,"href":"https:\/\/provenquiere.com\/en\/wp-json\/wp\/v2\/pages\/3443\/revisions"}],"predecessor-version":[{"id":5762,"href":"https:\/\/provenquiere.com\/en\/wp-json\/wp\/v2\/pages\/3443\/revisions\/5762"}],"up":[{"embeddable":true,"href":"https:\/\/provenquiere.com\/en\/wp-json\/wp\/v2\/pages\/3185"}],"wp:featuredmedia":[{"embeddable":true,"href":"https:\/\/provenquiere.com\/en\/wp-json\/wp\/v2\/media\/4946"}],"wp:attachment":[{"href":"https:\/\/provenquiere.com\/en\/wp-json\/wp\/v2\/media?parent=3443"}],"curies":[{"name":"wp","href":"https:\/\/api.w.org\/{rel}","templated":true}]}}