{"id":5719,"date":"2025-01-15T15:22:55","date_gmt":"2025-01-15T14:22:55","guid":{"rendered":"https:\/\/provenquiere.com\/label-qr\/"},"modified":"2025-01-17T18:49:34","modified_gmt":"2025-01-17T17:49:34","slug":"label-qr","status":"publish","type":"page","link":"https:\/\/provenquiere.com\/de\/label-qr\/","title":{"rendered":"Label QR"},"content":{"rendered":"<p>[et_pb_section fb_built=&#8220;1&#8243; _builder_version=&#8220;4.16&#8243; global_colors_info=&#8220;{}&#8220;][et_pb_row _builder_version=&#8220;4.16&#8243; background_size=&#8220;initial&#8220; background_position=&#8220;top_left&#8220; background_repeat=&#8220;repeat&#8220; global_colors_info=&#8220;{}&#8220;][et_pb_column type=&#8220;4_4&#8243; _builder_version=&#8220;4.16&#8243; custom_padding=&#8220;|||&#8220; global_colors_info=&#8220;{}&#8220; custom_padding__hover=&#8220;|||&#8220;][et_pb_text _builder_version=&#8220;4.27.4&#8243; background_size=&#8220;initial&#8220; background_position=&#8220;top_left&#8220; background_repeat=&#8220;repeat&#8220; global_colors_info=&#8220;{}&#8220;]<\/p>\n<h1>PAGE LABEL QR &#8211; LA PROVENQUIERE<\/h1>\n<p>Retrouvez sur cette page tous les QR Code du domaine :<br \/>&#8211; QR vin pour les valeurs Nutritionnel de nos vins ou vins sans alcool.<\/p>\n<p>&nbsp;<\/p>\n<p>[\/et_pb_text][\/et_pb_column][\/et_pb_row][et_pb_row column_structure=&#8220;1_4,1_4,1_4,1_4&#8243; _builder_version=&#8220;4.27.4&#8243; _module_preset=&#8220;default&#8220; global_colors_info=&#8220;{}&#8220;][et_pb_column type=&#8220;1_4&#8243; _builder_version=&#8220;4.27.4&#8243; _module_preset=&#8220;default&#8220; custom_padding=&#8220;15px|10px|15px|10px|true|true&#8220; border_radii=&#8220;on|14px|14px|14px|14px&#8220; border_width_all=&#8220;2px&#8220; border_color_all=&#8220;#2A1603&#8243; global_colors_info=&#8220;{}&#8220;][et_pb_image src=&#8220;https:\/\/provenquiere.com\/wp-content\/uploads\/2025\/01\/QR_Code_Export.svg&#8220; title_text=&#8220;QR_Code_Export&#8220; url=&#8220;https:\/\/provenquiere.com\/label-qr\/qr-peche-coquin-zero\/&#8220; align=&#8220;center&#8220; _builder_version=&#8220;4.27.4&#8243; _module_preset=&#8220;default&#8220; global_colors_info=&#8220;{}&#8220;][\/et_pb_image][et_pb_text _builder_version=&#8220;4.27.4&#8243; _module_preset=&#8220;default&#8220; global_colors_info=&#8220;{}&#8220;]<\/p>\n<h2 style=\"text-align: center;\">P\u00e9ch\u00e9 coquin z\u00e9ro<\/h2>\n<p style=\"text-align: center;\">Ingr\u00e9dients et infos nutritionnelles.<\/p>\n<p>[\/et_pb_text][\/et_pb_column][et_pb_column type=&#8220;1_4&#8243; _builder_version=&#8220;4.27.4&#8243; _module_preset=&#8220;default&#8220; global_colors_info=&#8220;{}&#8220;][\/et_pb_column][et_pb_column type=&#8220;1_4&#8243; _builder_version=&#8220;4.27.4&#8243; _module_preset=&#8220;default&#8220; global_colors_info=&#8220;{}&#8220;][\/et_pb_column][et_pb_column type=&#8220;1_4&#8243; _builder_version=&#8220;4.27.4&#8243; _module_preset=&#8220;default&#8220; global_colors_info=&#8220;{}&#8220;][\/et_pb_column][\/et_pb_row][et_pb_row _builder_version=&#8220;4.27.4&#8243; _module_preset=&#8220;default&#8220; global_colors_info=&#8220;{}&#8220;][et_pb_column type=&#8220;4_4&#8243; _builder_version=&#8220;4.27.4&#8243; _module_preset=&#8220;default&#8220; global_colors_info=&#8220;{}&#8220;][et_pb_text _builder_version=&#8220;4.27.4&#8243; background_size=&#8220;initial&#8220; background_position=&#8220;top_left&#8220; background_repeat=&#8220;repeat&#8220; global_colors_info=&#8220;{}&#8220;]<\/p>\n<p>&#8211; QR \u00e9v\u00e8nement au Domaine<\/p>\n<p>-QR op\u00e9rations sp\u00e9ciale et commerciale.<\/p>\n<p>[\/et_pb_text][\/et_pb_column][\/et_pb_row][\/et_pb_section]<\/p>\n","protected":false},"excerpt":{"rendered":"<p>PAGE LABEL QR &#8211; LA PROVENQUIERE Retrouvez sur cette page tous les QR Code du domaine :- QR vin pour les valeurs Nutritionnel de nos vins ou vins sans alcool. &nbsp;P\u00e9ch\u00e9 coquin z\u00e9ro Ingr\u00e9dients et infos nutritionnelles.- QR \u00e9v\u00e8nement au Domaine -QR op\u00e9rations sp\u00e9ciale et commerciale.<\/p>\n","protected":false},"author":1,"featured_media":0,"parent":0,"menu_order":0,"comment_status":"closed","ping_status":"closed","template":"","meta":{"_et_pb_use_builder":"on","_et_pb_old_content":"<p>Retrouvez sur cette page tous les QR Code du domaine :<\/p><p>- QR vin pour les valeurs Nutritionnel de nos vins ou vins sans alcool.<\/p><p>- QR \u00e9v\u00e8nement au Domaine<\/p><p>-QR op\u00e9rations sp\u00e9ciale et commerciale.<\/p>","_et_gb_content_width":"","footnotes":""},"class_list":["post-5719","page","type-page","status-publish","hentry"],"yoast_head":"<!-- This site is optimized with the Yoast SEO plugin v27.4 - https:\/\/yoast.com\/product\/yoast-seo-wordpress\/ -->\n<title>Label QR - Domaine La Provenqui\u00e8re, Domaine viticole du Languedoc<\/title>\n<meta name=\"robots\" content=\"index, follow, max-snippet:-1, max-image-preview:large, max-video-preview:-1\" \/>\n<link rel=\"canonical\" href=\"https:\/\/provenquiere.com\/de\/label-qr\/\" \/>\n<meta property=\"og:locale\" content=\"de_DE\" \/>\n<meta property=\"og:type\" content=\"article\" \/>\n<meta property=\"og:title\" content=\"Label QR - Domaine La Provenqui\u00e8re, Domaine viticole du Languedoc\" \/>\n<meta property=\"og:description\" content=\"PAGE LABEL QR - LA PROVENQUIERE Retrouvez sur cette page tous les QR Code du domaine :- QR vin pour les valeurs Nutritionnel de nos vins ou vins sans alcool. &nbsp;P\u00e9ch\u00e9 coquin z\u00e9ro Ingr\u00e9dients et infos nutritionnelles.- QR \u00e9v\u00e8nement au Domaine -QR op\u00e9rations sp\u00e9ciale et commerciale.\" \/>\n<meta property=\"og:url\" content=\"https:\/\/provenquiere.com\/de\/label-qr\/\" \/>\n<meta property=\"og:site_name\" content=\"Domaine La Provenqui\u00e8re, Domaine viticole du Languedoc\" \/>\n<meta property=\"article:publisher\" content=\"https:\/\/www.facebook.com\/domainelaprovenquiere\" \/>\n<meta property=\"article:modified_time\" content=\"2025-01-17T17:49:34+00:00\" \/>\n<meta name=\"twitter:card\" content=\"summary_large_image\" \/>\n<meta name=\"twitter:site\" content=\"@laprovenquiere\" \/>\n<meta name=\"twitter:label1\" content=\"Gesch\u00e4tzte Lesezeit\" \/>\n\t<meta name=\"twitter:data1\" content=\"1\u00a0Minute\" \/>\n<script type=\"application\/ld+json\" class=\"yoast-schema-graph\">{\"@context\":\"https:\\\/\\\/schema.org\",\"@graph\":[{\"@type\":\"WebPage\",\"@id\":\"https:\\\/\\\/provenquiere.com\\\/de\\\/label-qr\\\/\",\"url\":\"https:\\\/\\\/provenquiere.com\\\/de\\\/label-qr\\\/\",\"name\":\"Label QR - Domaine La Provenqui\u00e8re, Domaine viticole du Languedoc\",\"isPartOf\":{\"@id\":\"https:\\\/\\\/provenquiere.com\\\/de\\\/#website\"},\"datePublished\":\"2025-01-15T14:22:55+00:00\",\"dateModified\":\"2025-01-17T17:49:34+00:00\",\"breadcrumb\":{\"@id\":\"https:\\\/\\\/provenquiere.com\\\/de\\\/label-qr\\\/#breadcrumb\"},\"inLanguage\":\"de\",\"potentialAction\":[{\"@type\":\"ReadAction\",\"target\":[\"https:\\\/\\\/provenquiere.com\\\/de\\\/label-qr\\\/\"]}]},{\"@type\":\"BreadcrumbList\",\"@id\":\"https:\\\/\\\/provenquiere.com\\\/de\\\/label-qr\\\/#breadcrumb\",\"itemListElement\":[{\"@type\":\"ListItem\",\"position\":1,\"name\":\"Accueil\",\"item\":\"https:\\\/\\\/provenquiere.com\\\/de\\\/\"},{\"@type\":\"ListItem\",\"position\":2,\"name\":\"Label QR\"}]},{\"@type\":\"WebSite\",\"@id\":\"https:\\\/\\\/provenquiere.com\\\/de\\\/#website\",\"url\":\"https:\\\/\\\/provenquiere.com\\\/de\\\/\",\"name\":\"Domaine La Provenqui\u00e8re, Domaine viticole du Languedoc\",\"description\":\"Le domaine de la Provenqui\u00e8re, situ\u00e9 \u00e0 Capestang pr\u00e8s de B\u00e9ziers, en Languedoc, domine la r\u00e9gion de sa tour aux tuiles vertes.\",\"publisher\":{\"@id\":\"https:\\\/\\\/provenquiere.com\\\/de\\\/#organization\"},\"potentialAction\":[{\"@type\":\"SearchAction\",\"target\":{\"@type\":\"EntryPoint\",\"urlTemplate\":\"https:\\\/\\\/provenquiere.com\\\/de\\\/?s={search_term_string}\"},\"query-input\":{\"@type\":\"PropertyValueSpecification\",\"valueRequired\":true,\"valueName\":\"search_term_string\"}}],\"inLanguage\":\"de\"},{\"@type\":\"Organization\",\"@id\":\"https:\\\/\\\/provenquiere.com\\\/de\\\/#organization\",\"name\":\"Domaine La Provenqui\u00e8re\",\"url\":\"https:\\\/\\\/provenquiere.com\\\/de\\\/\",\"logo\":{\"@type\":\"ImageObject\",\"inLanguage\":\"de\",\"@id\":\"https:\\\/\\\/provenquiere.com\\\/de\\\/#\\\/schema\\\/logo\\\/image\\\/\",\"url\":\"https:\\\/\\\/provenquiere.com\\\/wp-content\\\/uploads\\\/2022\\\/05\\\/domaine-la-provenquiere-reception.jpg\",\"contentUrl\":\"https:\\\/\\\/provenquiere.com\\\/wp-content\\\/uploads\\\/2022\\\/05\\\/domaine-la-provenquiere-reception.jpg\",\"width\":1500,\"height\":1004,\"caption\":\"Domaine La Provenqui\u00e8re\"},\"image\":{\"@id\":\"https:\\\/\\\/provenquiere.com\\\/de\\\/#\\\/schema\\\/logo\\\/image\\\/\"},\"sameAs\":[\"https:\\\/\\\/www.facebook.com\\\/domainelaprovenquiere\",\"https:\\\/\\\/x.com\\\/laprovenquiere\",\"https:\\\/\\\/www.instagram.com\\\/la_provenquiere\\\/\"]}]}<\/script>\n<!-- \/ Yoast SEO plugin. -->","yoast_head_json":{"title":"Label QR - Domaine La Provenqui\u00e8re, Domaine viticole du Languedoc","robots":{"index":"index","follow":"follow","max-snippet":"max-snippet:-1","max-image-preview":"max-image-preview:large","max-video-preview":"max-video-preview:-1"},"canonical":"https:\/\/provenquiere.com\/de\/label-qr\/","og_locale":"de_DE","og_type":"article","og_title":"Label QR - Domaine La Provenqui\u00e8re, Domaine viticole du Languedoc","og_description":"PAGE LABEL QR - LA PROVENQUIERE Retrouvez sur cette page tous les QR Code du domaine :- QR vin pour les valeurs Nutritionnel de nos vins ou vins sans alcool. &nbsp;P\u00e9ch\u00e9 coquin z\u00e9ro Ingr\u00e9dients et infos nutritionnelles.- QR \u00e9v\u00e8nement au Domaine -QR op\u00e9rations sp\u00e9ciale et commerciale.","og_url":"https:\/\/provenquiere.com\/de\/label-qr\/","og_site_name":"Domaine La Provenqui\u00e8re, Domaine viticole du Languedoc","article_publisher":"https:\/\/www.facebook.com\/domainelaprovenquiere","article_modified_time":"2025-01-17T17:49:34+00:00","twitter_card":"summary_large_image","twitter_site":"@laprovenquiere","twitter_misc":{"Gesch\u00e4tzte Lesezeit":"1\u00a0Minute"},"schema":{"@context":"https:\/\/schema.org","@graph":[{"@type":"WebPage","@id":"https:\/\/provenquiere.com\/de\/label-qr\/","url":"https:\/\/provenquiere.com\/de\/label-qr\/","name":"Label QR - Domaine La Provenqui\u00e8re, Domaine viticole du Languedoc","isPartOf":{"@id":"https:\/\/provenquiere.com\/de\/#website"},"datePublished":"2025-01-15T14:22:55+00:00","dateModified":"2025-01-17T17:49:34+00:00","breadcrumb":{"@id":"https:\/\/provenquiere.com\/de\/label-qr\/#breadcrumb"},"inLanguage":"de","potentialAction":[{"@type":"ReadAction","target":["https:\/\/provenquiere.com\/de\/label-qr\/"]}]},{"@type":"BreadcrumbList","@id":"https:\/\/provenquiere.com\/de\/label-qr\/#breadcrumb","itemListElement":[{"@type":"ListItem","position":1,"name":"Accueil","item":"https:\/\/provenquiere.com\/de\/"},{"@type":"ListItem","position":2,"name":"Label QR"}]},{"@type":"WebSite","@id":"https:\/\/provenquiere.com\/de\/#website","url":"https:\/\/provenquiere.com\/de\/","name":"Domaine La Provenqui\u00e8re, Domaine viticole du Languedoc","description":"Le domaine de la Provenqui\u00e8re, situ\u00e9 \u00e0 Capestang pr\u00e8s de B\u00e9ziers, en Languedoc, domine la r\u00e9gion de sa tour aux tuiles vertes.","publisher":{"@id":"https:\/\/provenquiere.com\/de\/#organization"},"potentialAction":[{"@type":"SearchAction","target":{"@type":"EntryPoint","urlTemplate":"https:\/\/provenquiere.com\/de\/?s={search_term_string}"},"query-input":{"@type":"PropertyValueSpecification","valueRequired":true,"valueName":"search_term_string"}}],"inLanguage":"de"},{"@type":"Organization","@id":"https:\/\/provenquiere.com\/de\/#organization","name":"Domaine La Provenqui\u00e8re","url":"https:\/\/provenquiere.com\/de\/","logo":{"@type":"ImageObject","inLanguage":"de","@id":"https:\/\/provenquiere.com\/de\/#\/schema\/logo\/image\/","url":"https:\/\/provenquiere.com\/wp-content\/uploads\/2022\/05\/domaine-la-provenquiere-reception.jpg","contentUrl":"https:\/\/provenquiere.com\/wp-content\/uploads\/2022\/05\/domaine-la-provenquiere-reception.jpg","width":1500,"height":1004,"caption":"Domaine La Provenqui\u00e8re"},"image":{"@id":"https:\/\/provenquiere.com\/de\/#\/schema\/logo\/image\/"},"sameAs":["https:\/\/www.facebook.com\/domainelaprovenquiere","https:\/\/x.com\/laprovenquiere","https:\/\/www.instagram.com\/la_provenquiere\/"]}]}},"_links":{"self":[{"href":"https:\/\/provenquiere.com\/de\/wp-json\/wp\/v2\/pages\/5719","targetHints":{"allow":["GET"]}}],"collection":[{"href":"https:\/\/provenquiere.com\/de\/wp-json\/wp\/v2\/pages"}],"about":[{"href":"https:\/\/provenquiere.com\/de\/wp-json\/wp\/v2\/types\/page"}],"author":[{"embeddable":true,"href":"https:\/\/provenquiere.com\/de\/wp-json\/wp\/v2\/users\/1"}],"replies":[{"embeddable":true,"href":"https:\/\/provenquiere.com\/de\/wp-json\/wp\/v2\/comments?post=5719"}],"version-history":[{"count":1,"href":"https:\/\/provenquiere.com\/de\/wp-json\/wp\/v2\/pages\/5719\/revisions"}],"predecessor-version":[{"id":5722,"href":"https:\/\/provenquiere.com\/de\/wp-json\/wp\/v2\/pages\/5719\/revisions\/5722"}],"wp:attachment":[{"href":"https:\/\/provenquiere.com\/de\/wp-json\/wp\/v2\/media?parent=5719"}],"curies":[{"name":"wp","href":"https:\/\/api.w.org\/{rel}","templated":true}]}}