{"id":5712,"date":"2025-01-15T15:23:34","date_gmt":"2025-01-15T14:23:34","guid":{"rendered":"https:\/\/provenquiere.com\/qr-peche-coquin-zero\/"},"modified":"2025-03-04T16:21:21","modified_gmt":"2025-03-04T15:21:21","slug":"qr-peche-coquin-zero","status":"publish","type":"page","link":"https:\/\/provenquiere.com\/de\/label-qr\/qr-peche-coquin-zero\/","title":{"rendered":"La Provenquiere z\u00e9ro 0,0%"},"content":{"rendered":"<p>[et_pb_section fb_built=&#8220;1&#8243; _builder_version=&#8220;4.27.4&#8243; _module_preset=&#8220;default&#8220; module_alignment=&#8220;center&#8220; custom_margin=&#8220;|0px||0px|false|false&#8220; custom_padding=&#8220;0px|0px|0px|0px|false|false&#8220; global_colors_info=&#8220;{}&#8220;][et_pb_row _builder_version=&#8220;4.27.4&#8243; _module_preset=&#8220;default&#8220; custom_padding=&#8220;4px|||||&#8220; global_colors_info=&#8220;{}&#8220;][et_pb_column type=&#8220;4_4&#8243; _builder_version=&#8220;4.27.4&#8243; _module_preset=&#8220;default&#8220; global_colors_info=&#8220;{}&#8220;][et_pb_toggle title=&#8220;ZULATEN**&#8220; open=&#8220;on&#8220; admin_label=&#8220;Ingredients&#8220; _builder_version=&#8220;4.27.4&#8243; _module_preset=&#8220;default&#8220; global_colors_info=&#8220;{}&#8220;]<\/p>\n<p>Hefeextrakt (Wasser, Hefe), Traubensaft, S\u00e4uerungsmittel (Milchs\u00e4ure, Zitronens\u00e4ure), Konservierungsstoffe (<strong>E220**<\/strong>, E202, E242), nat\u00fcrliche Aromen, Kohlendioxid (CO2).<\/p>\n<p>[\/et_pb_toggle][et_pb_toggle title=&#8220;N\u00e4hrwerttabelle&#8220; open=&#8220;on&#8220; admin_label=&#8220;Tableau nutri&#8220; _builder_version=&#8220;4.27.4&#8243; _module_preset=&#8220;default&#8220; custom_padding=&#8220;|5px||5px|false|true&#8220; global_colors_info=&#8220;{}&#8220;]<\/p>\n<p>&nbsp;<\/p>\n<table style=\"width: 300px; margin: auto; height: 234px;\">\n<thead>\n<tr style=\"height: 47px;\">\n<th style=\"height: 47px; width: 219.45px;\">N\u00e4hrwerte<\/th>\n<th style=\"height: 47px; width: 66.0955px;\">F\u00fcr 100 ml<\/th>\n<\/tr>\n<\/thead>\n<tbody>\n<tr style=\"height: 47px;\">\n<td style=\"width: 219.45px; height: 47px;\">Energie<\/td>\n<td style=\"width: 66.0955px; height: 47px;\">96kj \/ 23kcal<\/td>\n<\/tr>\n<tr style=\"height: 47px;\">\n<td style=\"height: 47px; width: 219.45px;\">Fette<br \/>\u2015 einschlie\u00dflich ges\u00e4ttigter<\/td>\n<td style=\"height: 47px; width: 66.0955px;\">0,00 g<br \/>0,00 g<\/td>\n<\/tr>\n<tr style=\"height: 47px;\">\n<td style=\"height: 47px; width: 219.45px;\">Kohlenhydrate*<br \/>\u2015 Einschlie\u00dflich Zucker<\/td>\n<td style=\"height: 47px; width: 66.0955px;\">4.80 g<br \/>4,80 g<\/td>\n<\/tr>\n<tr style=\"height: 23px;\">\n<td style=\"height: 23px; width: 219.45px;\">Proteine<\/td>\n<td style=\"height: 23px; width: 66.0955px;\">0,00 g<\/td>\n<\/tr>\n<tr style=\"height: 23px;\">\n<td style=\"height: 23px; width: 219.45px;\">Salz<\/td>\n<td style=\"height: 23px; width: 66.0955px;\">0,00 g<\/td>\n<\/tr>\n<\/tbody>\n<\/table>\n<p style=\"text-align: center;\">**enth\u00e4lt den in Trauben nat\u00fcrlich vorkommenden Zucker.<\/p>\n<p>[\/et_pb_toggle][et_pb_text _builder_version=&#8220;4.27.4&#8243; _module_preset=&#8220;default&#8220; global_colors_info=&#8220;{}&#8220;]<\/p>\n<p style=\"text-align: center;\">**Allergene sind in den Herstellererkl\u00e4rungen fett gedruckt.<\/p>\n<p>[\/et_pb_text][\/et_pb_column][\/et_pb_row][\/et_pb_section]<\/p>\n","protected":false},"excerpt":{"rendered":"<p>Hefeextrakt (Wasser, Hefe), Traubensaft, S\u00e4uerungsmittel (Milchs\u00e4ure, Zitronens\u00e4ure), Konservierungsstoffe (E220**, E202, E242), nat\u00fcrliche Aromen, Kohlendioxid (CO2).&nbsp; N\u00e4hrwerte F\u00fcr 100 ml Energie 96kj \/ 23kcal Fette\u2015 einschlie\u00dflich ges\u00e4ttigter 0,00 g0,00 g Kohlenhydrate*\u2015 Einschlie\u00dflich Zucker 4.80 g4,80 g Proteine 0,00 g Salz 0,00 g **enth\u00e4lt den in Trauben nat\u00fcrlich vorkommenden Zucker.**Allergene sind in den Herstellererkl\u00e4rungen fett gedruckt.<\/p>\n","protected":false},"author":1,"featured_media":0,"parent":5719,"menu_order":0,"comment_status":"closed","ping_status":"closed","template":"","meta":{"_et_pb_use_builder":"on","_et_pb_old_content":"","_et_gb_content_width":"","footnotes":""},"class_list":["post-5712","page","type-page","status-publish","hentry"],"yoast_head":"<!-- This site is optimized with the Yoast SEO plugin v27.4 - https:\/\/yoast.com\/product\/yoast-seo-wordpress\/ -->\n<title>Zutaten und N\u00e4hrwertangaben: Alkoholfreier Wein von Naughty Sin<\/title>\n<meta name=\"description\" content=\"Wein-QR f\u00fcr die N\u00e4hrwerte und Zutaten unseres alkoholfreien Weinrezepts.\" \/>\n<meta name=\"robots\" content=\"index, follow, max-snippet:-1, max-image-preview:large, max-video-preview:-1\" \/>\n<link rel=\"canonical\" href=\"https:\/\/provenquiere.com\/de\/label-qr\/qr-peche-coquin-zero\/\" \/>\n<meta property=\"og:locale\" content=\"de_DE\" \/>\n<meta property=\"og:type\" content=\"article\" \/>\n<meta property=\"og:title\" content=\"Zutaten und N\u00e4hrwertangaben: Alkoholfreier Wein von Naughty Sin\" \/>\n<meta property=\"og:description\" content=\"Wein-QR f\u00fcr die N\u00e4hrwerte und Zutaten unseres alkoholfreien Weinrezepts.\" \/>\n<meta property=\"og:url\" content=\"https:\/\/provenquiere.com\/de\/label-qr\/qr-peche-coquin-zero\/\" \/>\n<meta property=\"og:site_name\" content=\"Domaine La Provenqui\u00e8re, Domaine viticole du Languedoc\" \/>\n<meta property=\"article:publisher\" content=\"https:\/\/www.facebook.com\/domainelaprovenquiere\" \/>\n<meta property=\"article:modified_time\" content=\"2025-03-04T15:21:21+00:00\" \/>\n<meta name=\"twitter:card\" content=\"summary_large_image\" \/>\n<meta name=\"twitter:site\" content=\"@laprovenquiere\" \/>\n<meta name=\"twitter:label1\" content=\"Gesch\u00e4tzte Lesezeit\" \/>\n\t<meta name=\"twitter:data1\" content=\"1\u00a0Minute\" \/>\n<script type=\"application\/ld+json\" class=\"yoast-schema-graph\">{\"@context\":\"https:\\\/\\\/schema.org\",\"@graph\":[{\"@type\":\"WebPage\",\"@id\":\"https:\\\/\\\/provenquiere.com\\\/de\\\/label-qr\\\/qr-peche-coquin-zero\\\/\",\"url\":\"https:\\\/\\\/provenquiere.com\\\/de\\\/label-qr\\\/qr-peche-coquin-zero\\\/\",\"name\":\"Zutaten und N\u00e4hrwertangaben: Alkoholfreier Wein von Naughty Sin\",\"isPartOf\":{\"@id\":\"https:\\\/\\\/provenquiere.com\\\/de\\\/#website\"},\"datePublished\":\"2025-01-15T14:23:34+00:00\",\"dateModified\":\"2025-03-04T15:21:21+00:00\",\"description\":\"Wein-QR f\u00fcr die N\u00e4hrwerte und Zutaten unseres alkoholfreien Weinrezepts.\",\"breadcrumb\":{\"@id\":\"https:\\\/\\\/provenquiere.com\\\/de\\\/label-qr\\\/qr-peche-coquin-zero\\\/#breadcrumb\"},\"inLanguage\":\"de\",\"potentialAction\":[{\"@type\":\"ReadAction\",\"target\":[\"https:\\\/\\\/provenquiere.com\\\/de\\\/label-qr\\\/qr-peche-coquin-zero\\\/\"]}]},{\"@type\":\"BreadcrumbList\",\"@id\":\"https:\\\/\\\/provenquiere.com\\\/de\\\/label-qr\\\/qr-peche-coquin-zero\\\/#breadcrumb\",\"itemListElement\":[{\"@type\":\"ListItem\",\"position\":1,\"name\":\"Accueil\",\"item\":\"https:\\\/\\\/provenquiere.com\\\/de\\\/\"},{\"@type\":\"ListItem\",\"position\":2,\"name\":\"Label QR\",\"item\":\"https:\\\/\\\/provenquiere.com\\\/de\\\/label-qr\\\/\"},{\"@type\":\"ListItem\",\"position\":3,\"name\":\"La Provenquiere z\u00e9ro 0,0%\"}]},{\"@type\":\"WebSite\",\"@id\":\"https:\\\/\\\/provenquiere.com\\\/de\\\/#website\",\"url\":\"https:\\\/\\\/provenquiere.com\\\/de\\\/\",\"name\":\"Domaine La Provenqui\u00e8re, Domaine viticole du Languedoc\",\"description\":\"Le domaine de la Provenqui\u00e8re, situ\u00e9 \u00e0 Capestang pr\u00e8s de B\u00e9ziers, en Languedoc, domine la r\u00e9gion de sa tour aux tuiles vertes.\",\"publisher\":{\"@id\":\"https:\\\/\\\/provenquiere.com\\\/de\\\/#organization\"},\"potentialAction\":[{\"@type\":\"SearchAction\",\"target\":{\"@type\":\"EntryPoint\",\"urlTemplate\":\"https:\\\/\\\/provenquiere.com\\\/de\\\/?s={search_term_string}\"},\"query-input\":{\"@type\":\"PropertyValueSpecification\",\"valueRequired\":true,\"valueName\":\"search_term_string\"}}],\"inLanguage\":\"de\"},{\"@type\":\"Organization\",\"@id\":\"https:\\\/\\\/provenquiere.com\\\/de\\\/#organization\",\"name\":\"Domaine La Provenqui\u00e8re\",\"url\":\"https:\\\/\\\/provenquiere.com\\\/de\\\/\",\"logo\":{\"@type\":\"ImageObject\",\"inLanguage\":\"de\",\"@id\":\"https:\\\/\\\/provenquiere.com\\\/de\\\/#\\\/schema\\\/logo\\\/image\\\/\",\"url\":\"https:\\\/\\\/provenquiere.com\\\/wp-content\\\/uploads\\\/2022\\\/05\\\/domaine-la-provenquiere-reception.jpg\",\"contentUrl\":\"https:\\\/\\\/provenquiere.com\\\/wp-content\\\/uploads\\\/2022\\\/05\\\/domaine-la-provenquiere-reception.jpg\",\"width\":1500,\"height\":1004,\"caption\":\"Domaine La Provenqui\u00e8re\"},\"image\":{\"@id\":\"https:\\\/\\\/provenquiere.com\\\/de\\\/#\\\/schema\\\/logo\\\/image\\\/\"},\"sameAs\":[\"https:\\\/\\\/www.facebook.com\\\/domainelaprovenquiere\",\"https:\\\/\\\/x.com\\\/laprovenquiere\",\"https:\\\/\\\/www.instagram.com\\\/la_provenquiere\\\/\"]}]}<\/script>\n<!-- \/ Yoast SEO plugin. -->","yoast_head_json":{"title":"Zutaten und N\u00e4hrwertangaben: Alkoholfreier Wein von Naughty Sin","description":"Wein-QR f\u00fcr die N\u00e4hrwerte und Zutaten unseres alkoholfreien Weinrezepts.","robots":{"index":"index","follow":"follow","max-snippet":"max-snippet:-1","max-image-preview":"max-image-preview:large","max-video-preview":"max-video-preview:-1"},"canonical":"https:\/\/provenquiere.com\/de\/label-qr\/qr-peche-coquin-zero\/","og_locale":"de_DE","og_type":"article","og_title":"Zutaten und N\u00e4hrwertangaben: Alkoholfreier Wein von Naughty Sin","og_description":"Wein-QR f\u00fcr die N\u00e4hrwerte und Zutaten unseres alkoholfreien Weinrezepts.","og_url":"https:\/\/provenquiere.com\/de\/label-qr\/qr-peche-coquin-zero\/","og_site_name":"Domaine La Provenqui\u00e8re, Domaine viticole du Languedoc","article_publisher":"https:\/\/www.facebook.com\/domainelaprovenquiere","article_modified_time":"2025-03-04T15:21:21+00:00","twitter_card":"summary_large_image","twitter_site":"@laprovenquiere","twitter_misc":{"Gesch\u00e4tzte Lesezeit":"1\u00a0Minute"},"schema":{"@context":"https:\/\/schema.org","@graph":[{"@type":"WebPage","@id":"https:\/\/provenquiere.com\/de\/label-qr\/qr-peche-coquin-zero\/","url":"https:\/\/provenquiere.com\/de\/label-qr\/qr-peche-coquin-zero\/","name":"Zutaten und N\u00e4hrwertangaben: Alkoholfreier Wein von Naughty Sin","isPartOf":{"@id":"https:\/\/provenquiere.com\/de\/#website"},"datePublished":"2025-01-15T14:23:34+00:00","dateModified":"2025-03-04T15:21:21+00:00","description":"Wein-QR f\u00fcr die N\u00e4hrwerte und Zutaten unseres alkoholfreien Weinrezepts.","breadcrumb":{"@id":"https:\/\/provenquiere.com\/de\/label-qr\/qr-peche-coquin-zero\/#breadcrumb"},"inLanguage":"de","potentialAction":[{"@type":"ReadAction","target":["https:\/\/provenquiere.com\/de\/label-qr\/qr-peche-coquin-zero\/"]}]},{"@type":"BreadcrumbList","@id":"https:\/\/provenquiere.com\/de\/label-qr\/qr-peche-coquin-zero\/#breadcrumb","itemListElement":[{"@type":"ListItem","position":1,"name":"Accueil","item":"https:\/\/provenquiere.com\/de\/"},{"@type":"ListItem","position":2,"name":"Label QR","item":"https:\/\/provenquiere.com\/de\/label-qr\/"},{"@type":"ListItem","position":3,"name":"La Provenquiere z\u00e9ro 0,0%"}]},{"@type":"WebSite","@id":"https:\/\/provenquiere.com\/de\/#website","url":"https:\/\/provenquiere.com\/de\/","name":"Domaine La Provenqui\u00e8re, Domaine viticole du Languedoc","description":"Le domaine de la Provenqui\u00e8re, situ\u00e9 \u00e0 Capestang pr\u00e8s de B\u00e9ziers, en Languedoc, domine la r\u00e9gion de sa tour aux tuiles vertes.","publisher":{"@id":"https:\/\/provenquiere.com\/de\/#organization"},"potentialAction":[{"@type":"SearchAction","target":{"@type":"EntryPoint","urlTemplate":"https:\/\/provenquiere.com\/de\/?s={search_term_string}"},"query-input":{"@type":"PropertyValueSpecification","valueRequired":true,"valueName":"search_term_string"}}],"inLanguage":"de"},{"@type":"Organization","@id":"https:\/\/provenquiere.com\/de\/#organization","name":"Domaine La Provenqui\u00e8re","url":"https:\/\/provenquiere.com\/de\/","logo":{"@type":"ImageObject","inLanguage":"de","@id":"https:\/\/provenquiere.com\/de\/#\/schema\/logo\/image\/","url":"https:\/\/provenquiere.com\/wp-content\/uploads\/2022\/05\/domaine-la-provenquiere-reception.jpg","contentUrl":"https:\/\/provenquiere.com\/wp-content\/uploads\/2022\/05\/domaine-la-provenquiere-reception.jpg","width":1500,"height":1004,"caption":"Domaine La Provenqui\u00e8re"},"image":{"@id":"https:\/\/provenquiere.com\/de\/#\/schema\/logo\/image\/"},"sameAs":["https:\/\/www.facebook.com\/domainelaprovenquiere","https:\/\/x.com\/laprovenquiere","https:\/\/www.instagram.com\/la_provenquiere\/"]}]}},"_links":{"self":[{"href":"https:\/\/provenquiere.com\/de\/wp-json\/wp\/v2\/pages\/5712","targetHints":{"allow":["GET"]}}],"collection":[{"href":"https:\/\/provenquiere.com\/de\/wp-json\/wp\/v2\/pages"}],"about":[{"href":"https:\/\/provenquiere.com\/de\/wp-json\/wp\/v2\/types\/page"}],"author":[{"embeddable":true,"href":"https:\/\/provenquiere.com\/de\/wp-json\/wp\/v2\/users\/1"}],"replies":[{"embeddable":true,"href":"https:\/\/provenquiere.com\/de\/wp-json\/wp\/v2\/comments?post=5712"}],"version-history":[{"count":4,"href":"https:\/\/provenquiere.com\/de\/wp-json\/wp\/v2\/pages\/5712\/revisions"}],"predecessor-version":[{"id":5785,"href":"https:\/\/provenquiere.com\/de\/wp-json\/wp\/v2\/pages\/5712\/revisions\/5785"}],"up":[{"embeddable":true,"href":"https:\/\/provenquiere.com\/de\/wp-json\/wp\/v2\/pages\/5719"}],"wp:attachment":[{"href":"https:\/\/provenquiere.com\/de\/wp-json\/wp\/v2\/media?parent=5712"}],"curies":[{"name":"wp","href":"https:\/\/api.w.org\/{rel}","templated":true}]}}