{"id":3461,"date":"2022-03-11T14:54:36","date_gmt":"2022-03-11T13:54:36","guid":{"rendered":"https:\/\/provenquiere.com\/weintourismus\/organisez-votre-evenement-artistique-au-domaine\/"},"modified":"2023-03-28T14:38:07","modified_gmt":"2023-03-28T12:38:07","slug":"organisez-votre-evenement-artistique-au-domaine","status":"publish","type":"page","link":"https:\/\/provenquiere.com\/de\/weintourismus\/organisez-votre-evenement-artistique-au-domaine\/","title":{"rendered":"ORGANISIEREN SIE IHRE KUNSTVERANSTALTUNG AUF DEM WEINGUT"},"content":{"rendered":"<p>[et_pb_section fb_built=&#8220;1&#8243; _builder_version=&#8220;4.16&#8243; global_colors_info=&#8220;{}&#8220;][et_pb_row column_structure=&#8220;3_5,2_5&#8243; _builder_version=&#8220;4.16&#8243; background_size=&#8220;initial&#8220; background_position=&#8220;top_left&#8220; background_repeat=&#8220;repeat&#8220; global_colors_info=&#8220;{}&#8220;][et_pb_column type=&#8220;3_5&#8243; _builder_version=&#8220;4.16&#8243; custom_padding=&#8220;|||&#8220; global_colors_info=&#8220;{}&#8220; custom_padding__hover=&#8220;|||&#8220;][et_pb_text _builder_version=&#8220;4.17.4&#8243; background_size=&#8220;initial&#8220; background_position=&#8220;top_left&#8220; background_repeat=&#8220;repeat&#8220; custom_margin=&#8220;||151px|||&#8220; global_colors_info=&#8220;{}&#8220;]<\/p>\n<p style=\"font-weight: 400;\">Warum nehmen Sie an einem Sommerabend nicht an einer geselligen Weinprobe w\u00e4hrend eines Musikkonzerts oder vor einem Theaterst\u00fcck im Herzen des Parks der Domaine La Provenqui\u00e8re teil? Einzigartige Momente zwischen Kunst- und Weinliebhabern An alle Theatergruppen oder K\u00fcnstlerkollektive (Maler, Musiker, Fotografen, Autoren usw.)<\/p>\n<p style=\"font-weight: 400;\">Ab 2022 ist die Domaine La Provenqui\u00e8re f\u00fcr Sie da, um Ihnen ein ma\u00dfgeschneidertes Weinerlebnis im Schlosspark vorzuschlagen und mit Ihnen vorzubereiten.<\/p>\n<p>[\/et_pb_text][et_pb_image src=&#8220;https:\/\/provenquiere.com\/wp-content\/uploads\/2022\/03\/domaine-provenquiere-concert-culture-capestang.jpg&#8220; title_text=&#8220;domaine-provenquiere-concert-culture-capestang&#8220; show_in_lightbox=&#8220;on&#8220; _builder_version=&#8220;4.16&#8243; _module_preset=&#8220;default&#8220; custom_margin=&#8220;42px|||||&#8220; global_colors_info=&#8220;{}&#8220;][\/et_pb_image][\/et_pb_column][et_pb_column type=&#8220;2_5&#8243; _builder_version=&#8220;4.16&#8243; custom_padding=&#8220;|||&#8220; global_colors_info=&#8220;{}&#8220; custom_padding__hover=&#8220;|||&#8220;][et_pb_cta title=&#8220;DOMAINE DE LA PROVENQUI\u00c8RE BIETET AUCH DEN DIREKTVERKAUF IHRER WEINE VOR ORT AN.&#8220; button_url=&#8220;https:\/\/www.google.com\/maps\/dir\/\/google+maps+la+provenquiere\/data=!4m6!4m5!1m1!4e2!1m2!1m1!1s0x12b1a73ea4c548db:0xc5a76c912a41fa2b?sa=X&#038;ved=2ahUKEwiukqGEu430AhUj7eAKHRwQBDQQ9Rd6BAhGEAU&#8220; url_new_window=&#8220;on&#8220; button_text=&#8220;Anreise zur Domaine La Provenqui\u00e8re&#8220; _builder_version=&#8220;4.17.4&#8243; _module_preset=&#8220;default&#8220; global_colors_info=&#8220;{}&#8220;]<\/p>\n<p style=\"font-weight: 400;\"><strong>\u00d6ffnungszeiten des Weinkellers:<\/strong><\/p>\n<p style=\"font-weight: 400;\">Fr\u00fchling\/Sommer (von April bis September):<\/p>\n<p style=\"font-weight: 400;\">Montag bis Freitag von 9.00 bis 12.00 Uhr und von 13.00 bis 18.00 Uhr, Samstag von 9.00 bis 12.00 Uhr und von 15.30 bis 18.00 Uhr.<\/p>\n<p style=\"font-weight: 400;\">Herbst\/Winter (von Oktober bis M\u00e4rz):<\/p>\n<p style=\"font-weight: 400;\">Montag bis Freitag von 9:00 bis 12:00 Uhr und 13:00 bis 18:00 Uhr und Samstag von 9:00 bis 12:00 Uhr.<\/p>\n<p>[\/et_pb_cta][et_pb_image src=&#8220;https:\/\/provenquiere.com\/wp-content\/uploads\/2022\/03\/IMG_0146-scaled-e1647006774396.jpg&#8220; alt=&#8220;Evenement au Domaine de la Provenqui\u00e8re&#8220; title_text=&#8220;IMG_0146&#8243; _builder_version=&#8220;4.16&#8243; _module_preset=&#8220;default&#8220; global_colors_info=&#8220;{}&#8220;][\/et_pb_image][\/et_pb_column][\/et_pb_row][\/et_pb_section][et_pb_section fb_built=&#8220;1&#8243; _builder_version=&#8220;4.16&#8243; _module_preset=&#8220;default&#8220; global_colors_info=&#8220;{}&#8220;][et_pb_row _builder_version=&#8220;4.16&#8243; _module_preset=&#8220;default&#8220; global_colors_info=&#8220;{}&#8220;][et_pb_column type=&#8220;4_4&#8243; _builder_version=&#8220;4.16&#8243; _module_preset=&#8220;default&#8220; global_colors_info=&#8220;{}&#8220;][et_pb_text _builder_version=&#8220;4.17.4&#8243; _module_preset=&#8220;default&#8220; header_2_font=&#8220;|||on|||||&#8220; header_2_font_size=&#8220;20px&#8220; module_alignment=&#8220;center&#8220; custom_margin=&#8220;||0px||false|false&#8220; custom_padding=&#8220;||0px||false|false&#8220; global_colors_info=&#8220;{}&#8220;]<\/p>\n<h2 style=\"font-weight: 400;\"><a href=\"https:\/\/provenquiere.com\/de\/activite\/oenotourisme-de\/\">WEINTOURISMUS-AKTIVIT\u00c4TEN UND -DIENSTLEISTUNGEN AUF DEM WEINGUT<\/a><\/h2>\n<p>[\/et_pb_text][et_pb_divider _builder_version=&#8220;4.16&#8243; _module_preset=&#8220;default&#8220; width=&#8220;150px&#8220; module_alignment=&#8220;left&#8220; custom_margin=&#8220;0px||0px||false|false&#8220; custom_padding=&#8220;0px||0px||false|false&#8220; global_colors_info=&#8220;{}&#8220;][\/et_pb_divider][\/et_pb_column][\/et_pb_row][et_pb_row column_structure=&#8220;1_6,1_6,1_6,1_6,1_6,1_6&#8243; use_custom_gutter=&#8220;on&#8220; gutter_width=&#8220;2&#8243; make_equal=&#8220;on&#8220; _builder_version=&#8220;4.16&#8243; _module_preset=&#8220;default&#8220; module_alignment=&#8220;center&#8220; custom_margin=&#8220;0px||||false|false&#8220; custom_padding=&#8220;0px||||false|false&#8220; global_colors_info=&#8220;{}&#8220;][et_pb_column type=&#8220;1_6&#8243; _builder_version=&#8220;4.16&#8243; _dynamic_attributes=&#8220;link_option_url&#8220; _module_preset=&#8220;default&#8220; background_image=&#8220;https:\/\/provenquiere.com\/wp-content\/uploads\/2021\/10\/0037-domaine-de-la-provenquiere.jpg&#8220; link_option_url=&#8220;@ET-DC@eyJkeW5hbWljIjp0cnVlLCJjb250ZW50IjoicG9zdF9saW5rX3VybF9wYWdlIiwic2V0dGluZ3MiOnsicG9zdF9pZCI6Ijk4MCJ9fQ==@&#8220; global_colors_info=&#8220;{}&#8220; transform_styles__hover_enabled=&#8220;on|hover&#8220; transform_scale__hover_enabled=&#8220;on|hover&#8220; transform_translate__hover_enabled=&#8220;on|desktop&#8220; transform_rotate__hover_enabled=&#8220;on|desktop&#8220; transform_skew__hover_enabled=&#8220;on|desktop&#8220; transform_origin__hover_enabled=&#8220;on|desktop&#8220; transform_scale__hover=&#8220;105%|105%&#8220;][et_pb_text _builder_version=&#8220;4.17.4&#8243; _module_preset=&#8220;default&#8220; text_font=&#8220;Montserrat||||||||&#8220; text_text_color=&#8220;#FFFFFF&#8220; text_font_size=&#8220;16px&#8220; text_orientation=&#8220;center&#8220; custom_padding=&#8220;40px||40px||true|false&#8220; text_text_shadow_style=&#8220;preset3&#8243; global_colors_info=&#8220;{}&#8220;]<\/p>\n<p style=\"font-weight: 400;\">BESICHTIGUNG DES WEINKELLERS UND WEINPROBE AUF DEM WEINGUT<\/p>\n<p>[\/et_pb_text][\/et_pb_column][et_pb_column type=&#8220;1_6&#8243; _builder_version=&#8220;4.16&#8243; _dynamic_attributes=&#8220;link_option_url&#8220; _module_preset=&#8220;default&#8220; background_image=&#8220;https:\/\/provenquiere.com\/wp-content\/uploads\/2021\/11\/canal-du-midi-a-velo.jpg&#8220; link_option_url=&#8220;@ET-DC@eyJkeW5hbWljIjp0cnVlLCJjb250ZW50IjoicG9zdF9saW5rX3VybF9wYWdlIiwic2V0dGluZ3MiOnsicG9zdF9pZCI6Ijk1MiJ9fQ==@&#8220; global_colors_info=&#8220;{}&#8220; transform_styles__hover_enabled=&#8220;on|hover&#8220; transform_scale__hover=&#8220;105%|105%&#8220; transform_scale__hover_enabled=&#8220;on|hover&#8220; transform_translate__hover_enabled=&#8220;on|desktop&#8220; transform_rotate__hover_enabled=&#8220;on|desktop&#8220; transform_skew__hover_enabled=&#8220;on|desktop&#8220; transform_origin__hover_enabled=&#8220;on|desktop&#8220;][et_pb_text _builder_version=&#8220;4.17.4&#8243; _module_preset=&#8220;default&#8220; text_font=&#8220;Montserrat||||||||&#8220; text_text_color=&#8220;#FFFFFF&#8220; text_font_size=&#8220;16px&#8220; text_orientation=&#8220;center&#8220; custom_padding=&#8220;40px||40px||true|false&#8220; text_text_shadow_style=&#8220;preset3&#8243; global_colors_info=&#8220;{}&#8220;]<\/p>\n<p style=\"font-weight: 400;\">DER CANAL DU MIDI\u2026<\/p>\n<p>[\/et_pb_text][\/et_pb_column][et_pb_column type=&#8220;1_6&#8243; _builder_version=&#8220;4.16&#8243; _dynamic_attributes=&#8220;link_option_url&#8220; _module_preset=&#8220;default&#8220; background_image=&#8220;https:\/\/provenquiere.com\/wp-content\/uploads\/2021\/11\/canal-du-midi-capestang-degustation-vin.jpg&#8220; link_option_url=&#8220;@ET-DC@eyJkeW5hbWljIjp0cnVlLCJjb250ZW50IjoicG9zdF9saW5rX3VybF9wYWdlIiwic2V0dGluZ3MiOnsicG9zdF9pZCI6Ijk0MyJ9fQ==@&#8220; global_colors_info=&#8220;{}&#8220; transform_styles__hover_enabled=&#8220;on|hover&#8220; transform_scale__hover=&#8220;105%|105%&#8220; transform_scale__hover_enabled=&#8220;on|hover&#8220; transform_translate__hover_enabled=&#8220;on|desktop&#8220; transform_rotate__hover_enabled=&#8220;on|desktop&#8220; transform_skew__hover_enabled=&#8220;on|desktop&#8220; transform_origin__hover_enabled=&#8220;on|desktop&#8220;][et_pb_text _builder_version=&#8220;4.17.4&#8243; _module_preset=&#8220;default&#8220; text_font=&#8220;Montserrat||||||||&#8220; text_text_color=&#8220;#FFFFFF&#8220; text_font_size=&#8220;16px&#8220; text_orientation=&#8220;center&#8220; custom_padding=&#8220;40px||40px||true|false&#8220; text_text_shadow_style=&#8220;preset3&#8243; global_colors_info=&#8220;{}&#8220;]<\/p>\n<p style=\"font-weight: 400;\">WEINPROBE UND BOOTSFAHRT AUF DEM CANAL DU MIDI<\/p>\n<p>[\/et_pb_text][\/et_pb_column][et_pb_column type=&#8220;1_6&#8243; _builder_version=&#8220;4.16&#8243; _dynamic_attributes=&#8220;link_option_url&#8220; _module_preset=&#8220;default&#8220; background_image=&#8220;https:\/\/provenquiere.com\/wp-content\/uploads\/2022\/03\/Domaine-la-provenquiere-degustation-visite.jpg&#8220; link_option_url=&#8220;@ET-DC@eyJkeW5hbWljIjp0cnVlLCJjb250ZW50IjoicG9zdF9saW5rX3VybF9wYWdlIiwic2V0dGluZ3MiOnsicG9zdF9pZCI6IjkzOCJ9fQ==@&#8220; global_colors_info=&#8220;{}&#8220; transform_styles__hover_enabled=&#8220;on|hover&#8220; transform_scale__hover=&#8220;105%|105%&#8220; transform_scale__hover_enabled=&#8220;on|hover&#8220; transform_translate__hover_enabled=&#8220;on|desktop&#8220; transform_rotate__hover_enabled=&#8220;on|desktop&#8220; transform_skew__hover_enabled=&#8220;on|desktop&#8220; transform_origin__hover_enabled=&#8220;on|desktop&#8220;][et_pb_text _builder_version=&#8220;4.17.4&#8243; _module_preset=&#8220;default&#8220; text_font=&#8220;Montserrat||||||||&#8220; text_text_color=&#8220;#FFFFFF&#8220; text_font_size=&#8220;16px&#8220; text_orientation=&#8220;center&#8220; custom_padding=&#8220;40px||40px||true|false&#8220; text_text_shadow_style=&#8220;preset3&#8243; global_colors_info=&#8220;{}&#8220;]<\/p>\n<p style=\"font-weight: 400;\">WEINWANDERUNG UND WEINPROBE IM HERZEN DES WEINGUTS LA PROVENQUI\u00c8RE<\/p>\n<p>[\/et_pb_text][\/et_pb_column][et_pb_column type=&#8220;1_6&#8243; _builder_version=&#8220;4.16&#8243; _dynamic_attributes=&#8220;link_option_url&#8220; _module_preset=&#8220;default&#8220; background_image=&#8220;https:\/\/provenquiere.com\/wp-content\/uploads\/2022\/02\/L_J-9-scaled-e1645625493386.jpg&#8220; link_option_url=&#8220;@ET-DC@eyJkeW5hbWljIjp0cnVlLCJjb250ZW50IjoicG9zdF9saW5rX3VybF9wYWdlIiwic2V0dGluZ3MiOnsicG9zdF9pZCI6Ijk4NSJ9fQ==@&#8220; global_colors_info=&#8220;{}&#8220; transform_styles__hover_enabled=&#8220;on|hover&#8220; transform_scale__hover=&#8220;105%|105%&#8220; transform_scale__hover_enabled=&#8220;on|hover&#8220; transform_translate__hover_enabled=&#8220;on|desktop&#8220; transform_rotate__hover_enabled=&#8220;on|desktop&#8220; transform_skew__hover_enabled=&#8220;on|desktop&#8220; transform_origin__hover_enabled=&#8220;on|desktop&#8220;][et_pb_text _builder_version=&#8220;4.17.4&#8243; _module_preset=&#8220;default&#8220; text_font=&#8220;Montserrat||||||||&#8220; text_text_color=&#8220;#FFFFFF&#8220; text_font_size=&#8220;16px&#8220; text_orientation=&#8220;center&#8220; custom_padding=&#8220;40px||40px||true|false&#8220; text_text_shadow_style=&#8220;preset3&#8243; global_colors_info=&#8220;{}&#8220;]<\/p>\n<p style=\"font-weight: 400;\">MINIFARM VON LA PROVENQUI\u00c8RE<\/p>\n<p>[\/et_pb_text][\/et_pb_column][et_pb_column type=&#8220;1_6&#8243; _builder_version=&#8220;4.16&#8243; _dynamic_attributes=&#8220;link_option_url&#8220; _module_preset=&#8220;default&#8220; background_image=&#8220;https:\/\/provenquiere.com\/wp-content\/uploads\/2021\/12\/savoir-faire-vigne-provenquiere-5.jpg&#8220; link_option_url=&#8220;@ET-DC@eyJkeW5hbWljIjp0cnVlLCJjb250ZW50IjoicG9zdF9saW5rX3VybF9wYWdlIiwic2V0dGluZ3MiOnsicG9zdF9pZCI6Ijk4MiJ9fQ==@&#8220; global_colors_info=&#8220;{}&#8220; transform_styles__hover_enabled=&#8220;on|hover&#8220; transform_scale__hover=&#8220;105%|105%&#8220; transform_scale__hover_enabled=&#8220;on|hover&#8220; transform_translate__hover_enabled=&#8220;on|desktop&#8220; transform_rotate__hover_enabled=&#8220;on|desktop&#8220; transform_skew__hover_enabled=&#8220;on|desktop&#8220; transform_origin__hover_enabled=&#8220;on|desktop&#8220;][et_pb_text _builder_version=&#8220;4.17.4&#8243; _module_preset=&#8220;default&#8220; text_font=&#8220;Montserrat||||||||&#8220; text_text_color=&#8220;#FFFFFF&#8220; text_font_size=&#8220;16px&#8220; text_orientation=&#8220;center&#8220; custom_padding=&#8220;40px||40px||true|false&#8220; text_text_shadow_style=&#8220;preset3&#8243; global_colors_info=&#8220;{}&#8220;]<\/p>\n<p style=\"font-weight: 400;\">DER BIENENSTOCK VON LA PROVENQUI\u00c8RE UND SEIN HONIG<\/p>\n<p>[\/et_pb_text][\/et_pb_column][\/et_pb_row][\/et_pb_section]<\/p>\n","protected":false},"excerpt":{"rendered":"<p>Le temps d\u2019une pause \u00e0 la d\u00e9couverte de la vie des abeilles de la Provenquiere avec un rucher \u00e9cole. <\/p>\n","protected":false},"author":1,"featured_media":3021,"parent":3186,"menu_order":0,"comment_status":"open","ping_status":"closed","template":"","meta":{"_et_pb_use_builder":"on","_et_pb_old_content":"<h2>(disponible en 2022)<\/h2><p>Le temps d\u2019une pause \u00e0 la d\u00e9couverte de la vie des abeilles de la Provenquiere avec un rucher \u00e9cole.<\/p>","_et_gb_content_width":"","footnotes":""},"class_list":["post-3461","page","type-page","status-publish","has-post-thumbnail","hentry"],"yoast_head":"<!-- This site is optimized with the Yoast SEO plugin v27.4 - https:\/\/yoast.com\/product\/yoast-seo-wordpress\/ -->\n<title>Organisieren Sie Ihre k\u00fcnstlerisches Event | Domaine La Provenqui\u00e9re<\/title>\n<meta name=\"description\" content=\"Nehmen Sie an einem Sommerabend an einer geselligen Weinprobe w\u00e4hrend eines Musikkonzerts oder vor einem Theaterst\u00fcck im Herzen des Parks der Domaine teil.\" \/>\n<meta name=\"robots\" content=\"index, follow, max-snippet:-1, max-image-preview:large, max-video-preview:-1\" \/>\n<link rel=\"canonical\" href=\"https:\/\/provenquiere.com\/de\/weintourismus\/organisez-votre-evenement-artistique-au-domaine\/\" \/>\n<meta property=\"og:locale\" content=\"de_DE\" \/>\n<meta property=\"og:type\" content=\"article\" \/>\n<meta property=\"og:title\" content=\"Organisieren Sie Ihre k\u00fcnstlerisches Event | Domaine La Provenqui\u00e9re\" \/>\n<meta property=\"og:description\" content=\"Nehmen Sie an einem Sommerabend an einer geselligen Weinprobe w\u00e4hrend eines Musikkonzerts oder vor einem Theaterst\u00fcck im Herzen des Parks der Domaine teil.\" \/>\n<meta property=\"og:url\" content=\"https:\/\/provenquiere.com\/de\/weintourismus\/organisez-votre-evenement-artistique-au-domaine\/\" \/>\n<meta property=\"og:site_name\" content=\"Domaine La Provenqui\u00e8re, Domaine viticole du Languedoc\" \/>\n<meta property=\"article:publisher\" content=\"https:\/\/www.facebook.com\/domainelaprovenquiere\" \/>\n<meta property=\"article:modified_time\" content=\"2023-03-28T12:38:07+00:00\" \/>\n<meta property=\"og:image\" content=\"https:\/\/provenquiere.com\/wp-content\/uploads\/2022\/03\/IMG_0146-scaled-e1647006774396.jpg\" \/>\n\t<meta property=\"og:image:width\" content=\"1200\" \/>\n\t<meta property=\"og:image:height\" content=\"900\" \/>\n\t<meta property=\"og:image:type\" content=\"image\/jpeg\" \/>\n<meta name=\"twitter:card\" content=\"summary_large_image\" \/>\n<meta name=\"twitter:site\" content=\"@laprovenquiere\" \/>\n<meta name=\"twitter:label1\" content=\"Gesch\u00e4tzte Lesezeit\" \/>\n\t<meta name=\"twitter:data1\" content=\"3\u00a0Minuten\" \/>\n<script type=\"application\/ld+json\" class=\"yoast-schema-graph\">{\"@context\":\"https:\\\/\\\/schema.org\",\"@graph\":[{\"@type\":\"WebPage\",\"@id\":\"https:\\\/\\\/provenquiere.com\\\/de\\\/weintourismus\\\/organisez-votre-evenement-artistique-au-domaine\\\/\",\"url\":\"https:\\\/\\\/provenquiere.com\\\/de\\\/weintourismus\\\/organisez-votre-evenement-artistique-au-domaine\\\/\",\"name\":\"Organisieren Sie Ihre k\u00fcnstlerisches Event | Domaine La Provenqui\u00e9re\",\"isPartOf\":{\"@id\":\"https:\\\/\\\/provenquiere.com\\\/de\\\/#website\"},\"primaryImageOfPage\":{\"@id\":\"https:\\\/\\\/provenquiere.com\\\/de\\\/weintourismus\\\/organisez-votre-evenement-artistique-au-domaine\\\/#primaryimage\"},\"image\":{\"@id\":\"https:\\\/\\\/provenquiere.com\\\/de\\\/weintourismus\\\/organisez-votre-evenement-artistique-au-domaine\\\/#primaryimage\"},\"thumbnailUrl\":\"https:\\\/\\\/provenquiere.com\\\/wp-content\\\/uploads\\\/2022\\\/03\\\/IMG_0146-scaled-e1647006774396.jpg\",\"datePublished\":\"2022-03-11T13:54:36+00:00\",\"dateModified\":\"2023-03-28T12:38:07+00:00\",\"description\":\"Nehmen Sie an einem Sommerabend an einer geselligen Weinprobe w\u00e4hrend eines Musikkonzerts oder vor einem Theaterst\u00fcck im Herzen des Parks der Domaine teil.\",\"breadcrumb\":{\"@id\":\"https:\\\/\\\/provenquiere.com\\\/de\\\/weintourismus\\\/organisez-votre-evenement-artistique-au-domaine\\\/#breadcrumb\"},\"inLanguage\":\"de\",\"potentialAction\":[{\"@type\":\"ReadAction\",\"target\":[\"https:\\\/\\\/provenquiere.com\\\/de\\\/weintourismus\\\/organisez-votre-evenement-artistique-au-domaine\\\/\"]}]},{\"@type\":\"ImageObject\",\"inLanguage\":\"de\",\"@id\":\"https:\\\/\\\/provenquiere.com\\\/de\\\/weintourismus\\\/organisez-votre-evenement-artistique-au-domaine\\\/#primaryimage\",\"url\":\"https:\\\/\\\/provenquiere.com\\\/wp-content\\\/uploads\\\/2022\\\/03\\\/IMG_0146-scaled-e1647006774396.jpg\",\"contentUrl\":\"https:\\\/\\\/provenquiere.com\\\/wp-content\\\/uploads\\\/2022\\\/03\\\/IMG_0146-scaled-e1647006774396.jpg\",\"width\":1200,\"height\":900},{\"@type\":\"BreadcrumbList\",\"@id\":\"https:\\\/\\\/provenquiere.com\\\/de\\\/weintourismus\\\/organisez-votre-evenement-artistique-au-domaine\\\/#breadcrumb\",\"itemListElement\":[{\"@type\":\"ListItem\",\"position\":1,\"name\":\"Accueil\",\"item\":\"https:\\\/\\\/provenquiere.com\\\/de\\\/\"},{\"@type\":\"ListItem\",\"position\":2,\"name\":\"WEINTOURISMUS-AKTIVIT\u00c4TEN UND -DIENSTLEISTUNGEN AUF DEM WEINGUT\",\"item\":\"https:\\\/\\\/provenquiere.com\\\/de\\\/weintourismus\\\/\"},{\"@type\":\"ListItem\",\"position\":3,\"name\":\"ORGANISIEREN SIE IHRE KUNSTVERANSTALTUNG AUF DEM WEINGUT\"}]},{\"@type\":\"WebSite\",\"@id\":\"https:\\\/\\\/provenquiere.com\\\/de\\\/#website\",\"url\":\"https:\\\/\\\/provenquiere.com\\\/de\\\/\",\"name\":\"Domaine La Provenqui\u00e8re, Domaine viticole du Languedoc\",\"description\":\"Le domaine de la Provenqui\u00e8re, situ\u00e9 \u00e0 Capestang pr\u00e8s de B\u00e9ziers, en Languedoc, domine la r\u00e9gion de sa tour aux tuiles vertes.\",\"publisher\":{\"@id\":\"https:\\\/\\\/provenquiere.com\\\/de\\\/#organization\"},\"potentialAction\":[{\"@type\":\"SearchAction\",\"target\":{\"@type\":\"EntryPoint\",\"urlTemplate\":\"https:\\\/\\\/provenquiere.com\\\/de\\\/?s={search_term_string}\"},\"query-input\":{\"@type\":\"PropertyValueSpecification\",\"valueRequired\":true,\"valueName\":\"search_term_string\"}}],\"inLanguage\":\"de\"},{\"@type\":\"Organization\",\"@id\":\"https:\\\/\\\/provenquiere.com\\\/de\\\/#organization\",\"name\":\"Domaine La Provenqui\u00e8re\",\"url\":\"https:\\\/\\\/provenquiere.com\\\/de\\\/\",\"logo\":{\"@type\":\"ImageObject\",\"inLanguage\":\"de\",\"@id\":\"https:\\\/\\\/provenquiere.com\\\/de\\\/#\\\/schema\\\/logo\\\/image\\\/\",\"url\":\"https:\\\/\\\/provenquiere.com\\\/wp-content\\\/uploads\\\/2022\\\/05\\\/domaine-la-provenquiere-reception.jpg\",\"contentUrl\":\"https:\\\/\\\/provenquiere.com\\\/wp-content\\\/uploads\\\/2022\\\/05\\\/domaine-la-provenquiere-reception.jpg\",\"width\":1500,\"height\":1004,\"caption\":\"Domaine La Provenqui\u00e8re\"},\"image\":{\"@id\":\"https:\\\/\\\/provenquiere.com\\\/de\\\/#\\\/schema\\\/logo\\\/image\\\/\"},\"sameAs\":[\"https:\\\/\\\/www.facebook.com\\\/domainelaprovenquiere\",\"https:\\\/\\\/x.com\\\/laprovenquiere\",\"https:\\\/\\\/www.instagram.com\\\/la_provenquiere\\\/\"]}]}<\/script>\n<!-- \/ Yoast SEO plugin. -->","yoast_head_json":{"title":"Organisieren Sie Ihre k\u00fcnstlerisches Event | Domaine La Provenqui\u00e9re","description":"Nehmen Sie an einem Sommerabend an einer geselligen Weinprobe w\u00e4hrend eines Musikkonzerts oder vor einem Theaterst\u00fcck im Herzen des Parks der Domaine teil.","robots":{"index":"index","follow":"follow","max-snippet":"max-snippet:-1","max-image-preview":"max-image-preview:large","max-video-preview":"max-video-preview:-1"},"canonical":"https:\/\/provenquiere.com\/de\/weintourismus\/organisez-votre-evenement-artistique-au-domaine\/","og_locale":"de_DE","og_type":"article","og_title":"Organisieren Sie Ihre k\u00fcnstlerisches Event | Domaine La Provenqui\u00e9re","og_description":"Nehmen Sie an einem Sommerabend an einer geselligen Weinprobe w\u00e4hrend eines Musikkonzerts oder vor einem Theaterst\u00fcck im Herzen des Parks der Domaine teil.","og_url":"https:\/\/provenquiere.com\/de\/weintourismus\/organisez-votre-evenement-artistique-au-domaine\/","og_site_name":"Domaine La Provenqui\u00e8re, Domaine viticole du Languedoc","article_publisher":"https:\/\/www.facebook.com\/domainelaprovenquiere","article_modified_time":"2023-03-28T12:38:07+00:00","og_image":[{"width":1200,"height":900,"url":"https:\/\/provenquiere.com\/wp-content\/uploads\/2022\/03\/IMG_0146-scaled-e1647006774396.jpg","type":"image\/jpeg"}],"twitter_card":"summary_large_image","twitter_site":"@laprovenquiere","twitter_misc":{"Gesch\u00e4tzte Lesezeit":"3\u00a0Minuten"},"schema":{"@context":"https:\/\/schema.org","@graph":[{"@type":"WebPage","@id":"https:\/\/provenquiere.com\/de\/weintourismus\/organisez-votre-evenement-artistique-au-domaine\/","url":"https:\/\/provenquiere.com\/de\/weintourismus\/organisez-votre-evenement-artistique-au-domaine\/","name":"Organisieren Sie Ihre k\u00fcnstlerisches Event | Domaine La Provenqui\u00e9re","isPartOf":{"@id":"https:\/\/provenquiere.com\/de\/#website"},"primaryImageOfPage":{"@id":"https:\/\/provenquiere.com\/de\/weintourismus\/organisez-votre-evenement-artistique-au-domaine\/#primaryimage"},"image":{"@id":"https:\/\/provenquiere.com\/de\/weintourismus\/organisez-votre-evenement-artistique-au-domaine\/#primaryimage"},"thumbnailUrl":"https:\/\/provenquiere.com\/wp-content\/uploads\/2022\/03\/IMG_0146-scaled-e1647006774396.jpg","datePublished":"2022-03-11T13:54:36+00:00","dateModified":"2023-03-28T12:38:07+00:00","description":"Nehmen Sie an einem Sommerabend an einer geselligen Weinprobe w\u00e4hrend eines Musikkonzerts oder vor einem Theaterst\u00fcck im Herzen des Parks der Domaine teil.","breadcrumb":{"@id":"https:\/\/provenquiere.com\/de\/weintourismus\/organisez-votre-evenement-artistique-au-domaine\/#breadcrumb"},"inLanguage":"de","potentialAction":[{"@type":"ReadAction","target":["https:\/\/provenquiere.com\/de\/weintourismus\/organisez-votre-evenement-artistique-au-domaine\/"]}]},{"@type":"ImageObject","inLanguage":"de","@id":"https:\/\/provenquiere.com\/de\/weintourismus\/organisez-votre-evenement-artistique-au-domaine\/#primaryimage","url":"https:\/\/provenquiere.com\/wp-content\/uploads\/2022\/03\/IMG_0146-scaled-e1647006774396.jpg","contentUrl":"https:\/\/provenquiere.com\/wp-content\/uploads\/2022\/03\/IMG_0146-scaled-e1647006774396.jpg","width":1200,"height":900},{"@type":"BreadcrumbList","@id":"https:\/\/provenquiere.com\/de\/weintourismus\/organisez-votre-evenement-artistique-au-domaine\/#breadcrumb","itemListElement":[{"@type":"ListItem","position":1,"name":"Accueil","item":"https:\/\/provenquiere.com\/de\/"},{"@type":"ListItem","position":2,"name":"WEINTOURISMUS-AKTIVIT\u00c4TEN UND -DIENSTLEISTUNGEN AUF DEM WEINGUT","item":"https:\/\/provenquiere.com\/de\/weintourismus\/"},{"@type":"ListItem","position":3,"name":"ORGANISIEREN SIE IHRE KUNSTVERANSTALTUNG AUF DEM WEINGUT"}]},{"@type":"WebSite","@id":"https:\/\/provenquiere.com\/de\/#website","url":"https:\/\/provenquiere.com\/de\/","name":"Domaine La Provenqui\u00e8re, Domaine viticole du Languedoc","description":"Le domaine de la Provenqui\u00e8re, situ\u00e9 \u00e0 Capestang pr\u00e8s de B\u00e9ziers, en Languedoc, domine la r\u00e9gion de sa tour aux tuiles vertes.","publisher":{"@id":"https:\/\/provenquiere.com\/de\/#organization"},"potentialAction":[{"@type":"SearchAction","target":{"@type":"EntryPoint","urlTemplate":"https:\/\/provenquiere.com\/de\/?s={search_term_string}"},"query-input":{"@type":"PropertyValueSpecification","valueRequired":true,"valueName":"search_term_string"}}],"inLanguage":"de"},{"@type":"Organization","@id":"https:\/\/provenquiere.com\/de\/#organization","name":"Domaine La Provenqui\u00e8re","url":"https:\/\/provenquiere.com\/de\/","logo":{"@type":"ImageObject","inLanguage":"de","@id":"https:\/\/provenquiere.com\/de\/#\/schema\/logo\/image\/","url":"https:\/\/provenquiere.com\/wp-content\/uploads\/2022\/05\/domaine-la-provenquiere-reception.jpg","contentUrl":"https:\/\/provenquiere.com\/wp-content\/uploads\/2022\/05\/domaine-la-provenquiere-reception.jpg","width":1500,"height":1004,"caption":"Domaine La Provenqui\u00e8re"},"image":{"@id":"https:\/\/provenquiere.com\/de\/#\/schema\/logo\/image\/"},"sameAs":["https:\/\/www.facebook.com\/domainelaprovenquiere","https:\/\/x.com\/laprovenquiere","https:\/\/www.instagram.com\/la_provenquiere\/"]}]}},"_links":{"self":[{"href":"https:\/\/provenquiere.com\/de\/wp-json\/wp\/v2\/pages\/3461","targetHints":{"allow":["GET"]}}],"collection":[{"href":"https:\/\/provenquiere.com\/de\/wp-json\/wp\/v2\/pages"}],"about":[{"href":"https:\/\/provenquiere.com\/de\/wp-json\/wp\/v2\/types\/page"}],"author":[{"embeddable":true,"href":"https:\/\/provenquiere.com\/de\/wp-json\/wp\/v2\/users\/1"}],"replies":[{"embeddable":true,"href":"https:\/\/provenquiere.com\/de\/wp-json\/wp\/v2\/comments?post=3461"}],"version-history":[{"count":0,"href":"https:\/\/provenquiere.com\/de\/wp-json\/wp\/v2\/pages\/3461\/revisions"}],"up":[{"embeddable":true,"href":"https:\/\/provenquiere.com\/de\/wp-json\/wp\/v2\/pages\/3186"}],"wp:featuredmedia":[{"embeddable":true,"href":"https:\/\/provenquiere.com\/de\/wp-json\/wp\/v2\/media\/3021"}],"wp:attachment":[{"href":"https:\/\/provenquiere.com\/de\/wp-json\/wp\/v2\/media?parent=3461"}],"curies":[{"name":"wp","href":"https:\/\/api.w.org\/{rel}","templated":true}]}}